{"id":1038,"date":"2020-03-07T02:08:14","date_gmt":"2020-03-07T01:08:14","guid":{"rendered":"https:\/\/mille-pertuis.org\/?page_id=1038"},"modified":"2022-11-25T10:52:38","modified_gmt":"2022-11-25T09:52:38","slug":"conferences","status":"publish","type":"page","link":"http:\/\/mille-pertuis.org\/?page_id=1038","title":{"rendered":"Cycle de conf\u00e9rences"},"content":{"rendered":"\n<ul class=\"wp-block-list\">\n<li> Conf\u00e9rence scientifique sur les<strong> semences <\/strong>par Emilie Kuntschmann, enseignante de SVT =&gt;  la g\u00e9n\u00e9tique des semences, r\u00e9flexions autour de la culture des hybrides F1 et des OGM et leur impact sur la biodiversit\u00e9.<mark style=\"background-color:rgba(0, 0, 0, 0)\" class=\"has-inline-color has-dark-red-color\"><mark style=\"background-color:rgba(0, 0, 0, 0)\" class=\"has-inline-color has-dark-red-color\">Vendredi <\/mark>10\/06\/22 \u00e0 20h<\/mark> et Jeudi 26\/01\/2023 \u00e0 20h<\/li>\n\n\n\n<li>Conf\u00e9rence scientifique sur la <strong><a href=\"https:\/\/mille-pertuis.org\/non-classe\/conference-scientifique-2\/\">Biodiversit\u00e9 <\/a><\/strong>par Emilie Kuntschmann, enseignante de SVT => les m\u00e9canismes \u00e0 l&rsquo;origine de l&rsquo;\u00e9volution de la biodiversit\u00e9 au cours du temps : mutations, s\u00e9lection naturelle et autres processus \u00e9volutifs. <mark style=\"background-color:rgba(0, 0, 0, 0)\" class=\"has-inline-color has-dark-red-color\">Samedi 12\/02\/22 \u00e0 15h<\/mark> et jeudi 1er d\u00e9c 2022 \u00e0 20h<\/li>\n\n\n\n<li>Conf\u00e9rence <a href=\"https:\/\/mille-pertuis.org\/non-classe\/conference-paillage-et-oyas\/\" target=\"_blank\" rel=\"noreferrer noopener\">Paillage et Oyas <\/a>par St\u00e9phane Loriot, du PNR<\/li>\n\n\n\n<li>Conf\u00e9rences <a href=\"https:\/\/mille-pertuis.org\/wp-admin\/post.php?post=812&amp;action=edit\" target=\"_blank\" rel=\"noreferrer noopener\">Agro\u00e9cologie et Jardiner au Nature<\/a>l par Alain Divo, \u00e9co-paysagiste, \u00e9cologue, fondateur d&rsquo;Ecoterra, de CERAUE, enseignant, auteur. D\u00e9j\u00e0 <em>3 sessions<\/em> en<em> <a href=\"https:\/\/mille-pertuis.org\/wp-admin\/post.php?post=812&amp;action=edit\">2019-2020<\/a><\/em> et 2021<\/li>\n\n\n\n<li>Conf\u00e9rence \u00ab\u00a0<strong>20 id\u00e9es fausses au<\/strong> <strong>jardin\u00a0\u00bb,<\/strong> par Alain DIVO, \u00e9copaysagiste &amp; \u00e9cologue. <mark style=\"background-color:rgba(0, 0, 0, 0)\" class=\"has-inline-color has-dark-red-color\">2 sessions en 2019-2020 et 2021<\/mark><\/li>\n\n\n\n<li>Conf\u00e9rence <a href=\"https:\/\/mille-pertuis.org\/wp-admin\/post.php?post=814&amp;action=edit\">Apiculture<\/a> par R\u00e9my Coste, apiculteur aux Ruchers partag\u00e9s de Forges-les-Bains en <mark style=\"background-color:rgba(0, 0, 0, 0)\" class=\"has-inline-color has-dark-red-color\">f\u00e9vrier 2020<\/mark><\/li>\n<\/ul>\n\n\n\n<p><\/p>\n","protected":false},"excerpt":{"rendered":"","protected":false},"author":2,"featured_media":0,"parent":0,"menu_order":0,"comment_status":"closed","ping_status":"closed","template":"","meta":{"footnotes":""},"class_list":["post-1038","page","type-page","status-publish","hentry"],"yoast_head":"<!-- This site is optimized with the Yoast SEO plugin v27.4 - https:\/\/yoast.com\/product\/yoast-seo-wordpress\/ -->\n<title>Cycle de conf\u00e9rences - Mille-Pertuis<\/title>\n<meta name=\"robots\" content=\"index, follow, max-snippet:-1, max-image-preview:large, max-video-preview:-1\" \/>\n<link rel=\"canonical\" href=\"http:\/\/mille-pertuis.org\/?page_id=1038\" \/>\n<meta property=\"og:locale\" content=\"fr_FR\" \/>\n<meta property=\"og:type\" content=\"article\" \/>\n<meta property=\"og:title\" content=\"Cycle de conf\u00e9rences - Mille-Pertuis\" \/>\n<meta property=\"og:url\" content=\"http:\/\/mille-pertuis.org\/?page_id=1038\" \/>\n<meta property=\"og:site_name\" content=\"Mille-Pertuis\" \/>\n<meta property=\"article:modified_time\" content=\"2022-11-25T09:52:38+00:00\" \/>\n<meta name=\"twitter:card\" content=\"summary_large_image\" \/>\n<meta name=\"twitter:label1\" content=\"Dur\u00e9e de lecture estim\u00e9e\" \/>\n\t<meta name=\"twitter:data1\" content=\"1 minute\" \/>\n<script type=\"application\/ld+json\" class=\"yoast-schema-graph\">{\"@context\":\"https:\\\/\\\/schema.org\",\"@graph\":[{\"@type\":\"WebPage\",\"@id\":\"http:\\\/\\\/mille-pertuis.org\\\/?page_id=1038\",\"url\":\"http:\\\/\\\/mille-pertuis.org\\\/?page_id=1038\",\"name\":\"Cycle de conf\u00e9rences - Mille-Pertuis\",\"isPartOf\":{\"@id\":\"http:\\\/\\\/mille-pertuis.org\\\/#website\"},\"datePublished\":\"2020-03-07T01:08:14+00:00\",\"dateModified\":\"2022-11-25T09:52:38+00:00\",\"breadcrumb\":{\"@id\":\"http:\\\/\\\/mille-pertuis.org\\\/?page_id=1038#breadcrumb\"},\"inLanguage\":\"fr-FR\",\"potentialAction\":[{\"@type\":\"ReadAction\",\"target\":[\"http:\\\/\\\/mille-pertuis.org\\\/?page_id=1038\"]}]},{\"@type\":\"BreadcrumbList\",\"@id\":\"http:\\\/\\\/mille-pertuis.org\\\/?page_id=1038#breadcrumb\",\"itemListElement\":[{\"@type\":\"ListItem\",\"position\":1,\"name\":\"Accueil\",\"item\":\"http:\\\/\\\/mille-pertuis.org\\\/\"},{\"@type\":\"ListItem\",\"position\":2,\"name\":\"Cycle de conf\u00e9rences\"}]},{\"@type\":\"WebSite\",\"@id\":\"http:\\\/\\\/mille-pertuis.org\\\/#website\",\"url\":\"http:\\\/\\\/mille-pertuis.org\\\/\",\"name\":\"Mille-Pertuis\",\"description\":\"1001 passerelles vers un mode de vie \u00e9cologique\",\"publisher\":{\"@id\":\"http:\\\/\\\/mille-pertuis.org\\\/#organization\"},\"potentialAction\":[{\"@type\":\"SearchAction\",\"target\":{\"@type\":\"EntryPoint\",\"urlTemplate\":\"http:\\\/\\\/mille-pertuis.org\\\/?s={search_term_string}\"},\"query-input\":{\"@type\":\"PropertyValueSpecification\",\"valueRequired\":true,\"valueName\":\"search_term_string\"}}],\"inLanguage\":\"fr-FR\"},{\"@type\":\"Organization\",\"@id\":\"http:\\\/\\\/mille-pertuis.org\\\/#organization\",\"name\":\"Mille-Pertuis\",\"url\":\"http:\\\/\\\/mille-pertuis.org\\\/\",\"logo\":{\"@type\":\"ImageObject\",\"inLanguage\":\"fr-FR\",\"@id\":\"http:\\\/\\\/mille-pertuis.org\\\/#\\\/schema\\\/logo\\\/image\\\/\",\"url\":\"http:\\\/\\\/mille-pertuis.org\\\/wp-content\\\/uploads\\\/2019\\\/12\\\/cropped-logo_ML_V2.0_COUL.jpg\",\"contentUrl\":\"http:\\\/\\\/mille-pertuis.org\\\/wp-content\\\/uploads\\\/2019\\\/12\\\/cropped-logo_ML_V2.0_COUL.jpg\",\"width\":240,\"height\":75,\"caption\":\"Mille-Pertuis\"},\"image\":{\"@id\":\"http:\\\/\\\/mille-pertuis.org\\\/#\\\/schema\\\/logo\\\/image\\\/\"}}]}<\/script>\n<!-- \/ Yoast SEO plugin. -->","yoast_head_json":{"title":"Cycle de conf\u00e9rences - Mille-Pertuis","robots":{"index":"index","follow":"follow","max-snippet":"max-snippet:-1","max-image-preview":"max-image-preview:large","max-video-preview":"max-video-preview:-1"},"canonical":"http:\/\/mille-pertuis.org\/?page_id=1038","og_locale":"fr_FR","og_type":"article","og_title":"Cycle de conf\u00e9rences - Mille-Pertuis","og_url":"http:\/\/mille-pertuis.org\/?page_id=1038","og_site_name":"Mille-Pertuis","article_modified_time":"2022-11-25T09:52:38+00:00","twitter_card":"summary_large_image","twitter_misc":{"Dur\u00e9e de lecture estim\u00e9e":"1 minute"},"schema":{"@context":"https:\/\/schema.org","@graph":[{"@type":"WebPage","@id":"http:\/\/mille-pertuis.org\/?page_id=1038","url":"http:\/\/mille-pertuis.org\/?page_id=1038","name":"Cycle de conf\u00e9rences - Mille-Pertuis","isPartOf":{"@id":"http:\/\/mille-pertuis.org\/#website"},"datePublished":"2020-03-07T01:08:14+00:00","dateModified":"2022-11-25T09:52:38+00:00","breadcrumb":{"@id":"http:\/\/mille-pertuis.org\/?page_id=1038#breadcrumb"},"inLanguage":"fr-FR","potentialAction":[{"@type":"ReadAction","target":["http:\/\/mille-pertuis.org\/?page_id=1038"]}]},{"@type":"BreadcrumbList","@id":"http:\/\/mille-pertuis.org\/?page_id=1038#breadcrumb","itemListElement":[{"@type":"ListItem","position":1,"name":"Accueil","item":"http:\/\/mille-pertuis.org\/"},{"@type":"ListItem","position":2,"name":"Cycle de conf\u00e9rences"}]},{"@type":"WebSite","@id":"http:\/\/mille-pertuis.org\/#website","url":"http:\/\/mille-pertuis.org\/","name":"Mille-Pertuis","description":"1001 passerelles vers un mode de vie \u00e9cologique","publisher":{"@id":"http:\/\/mille-pertuis.org\/#organization"},"potentialAction":[{"@type":"SearchAction","target":{"@type":"EntryPoint","urlTemplate":"http:\/\/mille-pertuis.org\/?s={search_term_string}"},"query-input":{"@type":"PropertyValueSpecification","valueRequired":true,"valueName":"search_term_string"}}],"inLanguage":"fr-FR"},{"@type":"Organization","@id":"http:\/\/mille-pertuis.org\/#organization","name":"Mille-Pertuis","url":"http:\/\/mille-pertuis.org\/","logo":{"@type":"ImageObject","inLanguage":"fr-FR","@id":"http:\/\/mille-pertuis.org\/#\/schema\/logo\/image\/","url":"http:\/\/mille-pertuis.org\/wp-content\/uploads\/2019\/12\/cropped-logo_ML_V2.0_COUL.jpg","contentUrl":"http:\/\/mille-pertuis.org\/wp-content\/uploads\/2019\/12\/cropped-logo_ML_V2.0_COUL.jpg","width":240,"height":75,"caption":"Mille-Pertuis"},"image":{"@id":"http:\/\/mille-pertuis.org\/#\/schema\/logo\/image\/"}}]}},"_links":{"self":[{"href":"http:\/\/mille-pertuis.org\/index.php?rest_route=\/wp\/v2\/pages\/1038","targetHints":{"allow":["GET"]}}],"collection":[{"href":"http:\/\/mille-pertuis.org\/index.php?rest_route=\/wp\/v2\/pages"}],"about":[{"href":"http:\/\/mille-pertuis.org\/index.php?rest_route=\/wp\/v2\/types\/page"}],"author":[{"embeddable":true,"href":"http:\/\/mille-pertuis.org\/index.php?rest_route=\/wp\/v2\/users\/2"}],"replies":[{"embeddable":true,"href":"http:\/\/mille-pertuis.org\/index.php?rest_route=%2Fwp%2Fv2%2Fcomments&post=1038"}],"version-history":[{"count":5,"href":"http:\/\/mille-pertuis.org\/index.php?rest_route=\/wp\/v2\/pages\/1038\/revisions"}],"predecessor-version":[{"id":2487,"href":"http:\/\/mille-pertuis.org\/index.php?rest_route=\/wp\/v2\/pages\/1038\/revisions\/2487"}],"wp:attachment":[{"href":"http:\/\/mille-pertuis.org\/index.php?rest_route=%2Fwp%2Fv2%2Fmedia&parent=1038"}],"curies":[{"name":"wp","href":"https:\/\/api.w.org\/{rel}","templated":true}]}}