{"id":1195,"date":"2020-07-04T23:18:26","date_gmt":"2020-07-04T21:18:26","guid":{"rendered":"https:\/\/mille-pertuis.org\/?page_id=1195"},"modified":"2023-01-16T14:11:06","modified_gmt":"2023-01-16T13:11:06","slug":"quest-ce-quun-repair-cafe","status":"publish","type":"page","link":"http:\/\/mille-pertuis.org\/?page_id=1195","title":{"rendered":"Qu&rsquo;est-ce qu&rsquo;un Repair caf\u00e9 ?"},"content":{"rendered":"\n<figure class=\"wp-block-image\"><img decoding=\"async\" src=\"http:\/\/mille-pertuis.org\/wp-content\/uploads\/2019\/01\/Diapositive1-1024x576.jpg\" alt=\"L\u2019attribut alt de cette image est vide, son nom de fichier est Diapositive1-1024x576.jpg.\"\/><\/figure>\n\n\n\n<p>Un <strong>Repair Caf\u00e9<\/strong> (ou <strong>Caf\u00e9 de la r\u00e9paration<\/strong>) est un atelier consacr\u00e9 \u00e0 la r\u00e9paration d&rsquo;objets. Les personnes se rencontrent p\u00e9riodiquement en un lieu o\u00f9 des outils sont mis \u00e0 leur disposition et o\u00f9 ils peuvent r\u00e9parer un objet qu&rsquo;ils ont apport\u00e9, aid\u00e9s par des volontaires, <em>qui s\u2019y connaissent particuli\u00e8rement en \u00e9lectronique, \u00e9lectricit\u00e9, m\u00e9canique, travail du bois, couture<\/em>. Les objectifs de cette d\u00e9marche alternative sont multiples&nbsp;: r\u00e9duire les d\u00e9chets, pr\u00e9server l&rsquo;art de r\u00e9parer des objets, transmettre un savoir-faire, venir en aide aux m\u00e9nages rencontrant des difficult\u00e9s financi\u00e8res et renforcer la coh\u00e9sion sociale.<\/p>\n\n\n\n<p>voir le <a href=\"https:\/\/mille-pertuis.org\/infos-pratiques\/\" target=\"_blank\" rel=\"noreferrer noopener\">planning <\/a>annuel des Repair Cafe<\/p>\n\n\n\n<p>Mille-Pertuis adh\u00e8re au r\u00e9seau <a href=\"https:\/\/repaircafe.org\/fr\">Repair Cafe<\/a>. Retrouvez tous les <a href=\"https:\/\/repair-cafe-paris-05.ouvaton.org\/rc-idf.php\" data-type=\"URL\" data-id=\"https:\/\/repair-cafe-paris-05.ouvaton.org\/rc-idf.php\">Repair Cafe d&rsquo;Ile de France<\/a>.<\/p>\n\n\n\n<figure class=\"wp-block-image size-large\"><img decoding=\"async\" src=\"http:\/\/mille-pertuis.org\/wp-content\/uploads\/2022\/03\/mars2022-215-1024x506.jpg\" alt=\"\" class=\"wp-image-2086\"\/><\/figure>\n\n\n\n<figure class=\"wp-block-image size-full\"><img decoding=\"async\" src=\"http:\/\/mille-pertuis.org\/wp-content\/uploads\/2022\/03\/mars2022-les-reparateurs.jpg\" alt=\"\" class=\"wp-image-2085\"\/><\/figure>\n\n\n\n<figure class=\"wp-block-image size-full\"><img decoding=\"async\" src=\"http:\/\/mille-pertuis.org\/wp-content\/uploads\/2022\/03\/intergenerationnel.jpg\" alt=\"\" class=\"wp-image-2104\"\/><\/figure>\n\n\n\n<figure class=\"wp-block-image\"><img decoding=\"async\" src=\"http:\/\/mille-pertuis.org\/wp-content\/uploads\/2020\/03\/IMG_3805-scaled.jpg\" alt=\"L\u2019attribut alt de cette image est vide, son nom de fichier est IMG_3805-scaled.jpg.\"\/><\/figure>\n\n\n\n<figure class=\"wp-block-image\"><img decoding=\"async\" src=\"http:\/\/mille-pertuis.org\/wp-content\/uploads\/2020\/03\/IMG_6709-001-1024x861.jpg\" alt=\"L\u2019attribut alt de cette image est vide, son nom de fichier est IMG_6709-001-1024x861.jpg.\"\/><\/figure>\n\n\n\n<figure class=\"wp-block-image\"><img decoding=\"async\" src=\"http:\/\/mille-pertuis.org\/wp-content\/uploads\/2019\/01\/IMG_1338-1024x683.jpg\" alt=\"L\u2019attribut alt de cette image est vide, son nom de fichier est IMG_1338-1024x683.jpg.\"\/><\/figure>\n\n\n\n<figure class=\"wp-block-image\"><img decoding=\"async\" src=\"http:\/\/mille-pertuis.org\/wp-content\/uploads\/2019\/01\/IMG_1334-1024x683.jpg\" alt=\"L\u2019attribut alt de cette image est vide, son nom de fichier est IMG_1334-1024x683.jpg.\"\/><\/figure>\n","protected":false},"excerpt":{"rendered":"<p>Un Repair Caf\u00e9 (ou Caf\u00e9 de la r\u00e9paration) est un atelier consacr\u00e9 \u00e0 la r\u00e9paration d&rsquo;objets. Les personnes se rencontrent p\u00e9riodiquement en un lieu o\u00f9 des outils sont mis \u00e0 leur disposition et o\u00f9 ils peuvent r\u00e9parer un objet qu&rsquo;ils ont apport\u00e9, aid\u00e9s par des volontaires, qui s\u2019y connaissent particuli\u00e8rement en \u00e9lectronique, \u00e9lectricit\u00e9, m\u00e9canique, travail &hellip; <a href=\"http:\/\/mille-pertuis.org\/?page_id=1195\" class=\"more-link\">Continuer la lecture<span class=\"screen-reader-text\"> de &laquo;&nbsp;Qu&rsquo;est-ce qu&rsquo;un Repair caf\u00e9 ?&nbsp;&raquo;<\/span><\/a><\/p>\n","protected":false},"author":3,"featured_media":0,"parent":0,"menu_order":0,"comment_status":"closed","ping_status":"closed","template":"","meta":{"footnotes":""},"class_list":["post-1195","page","type-page","status-publish","hentry"],"yoast_head":"<!-- This site is optimized with the Yoast SEO plugin v27.4 - https:\/\/yoast.com\/product\/yoast-seo-wordpress\/ -->\n<title>Qu&#039;est-ce qu&#039;un Repair caf\u00e9 ? - Mille-Pertuis<\/title>\n<meta name=\"robots\" content=\"index, follow, max-snippet:-1, max-image-preview:large, max-video-preview:-1\" \/>\n<link rel=\"canonical\" href=\"http:\/\/mille-pertuis.org\/?page_id=1195\" \/>\n<meta property=\"og:locale\" content=\"fr_FR\" \/>\n<meta property=\"og:type\" content=\"article\" \/>\n<meta property=\"og:title\" content=\"Qu&#039;est-ce qu&#039;un Repair caf\u00e9 ? - Mille-Pertuis\" \/>\n<meta property=\"og:description\" content=\"Un Repair Caf\u00e9 (ou Caf\u00e9 de la r\u00e9paration) est un atelier consacr\u00e9 \u00e0 la r\u00e9paration d&rsquo;objets. Les personnes se rencontrent p\u00e9riodiquement en un lieu o\u00f9 des outils sont mis \u00e0 leur disposition et o\u00f9 ils peuvent r\u00e9parer un objet qu&rsquo;ils ont apport\u00e9, aid\u00e9s par des volontaires, qui s\u2019y connaissent particuli\u00e8rement en \u00e9lectronique, \u00e9lectricit\u00e9, m\u00e9canique, travail &hellip; Continuer la lecture de &laquo;&nbsp;Qu&rsquo;est-ce qu&rsquo;un Repair caf\u00e9 ?&nbsp;&raquo;\" \/>\n<meta property=\"og:url\" content=\"http:\/\/mille-pertuis.org\/?page_id=1195\" \/>\n<meta property=\"og:site_name\" content=\"Mille-Pertuis\" \/>\n<meta property=\"article:modified_time\" content=\"2023-01-16T13:11:06+00:00\" \/>\n<meta property=\"og:image\" content=\"http:\/\/mille-pertuis.org\/wp-content\/uploads\/2019\/01\/Diapositive1-1024x576.jpg\" \/>\n<meta name=\"twitter:card\" content=\"summary_large_image\" \/>\n<meta name=\"twitter:label1\" content=\"Dur\u00e9e de lecture estim\u00e9e\" \/>\n\t<meta name=\"twitter:data1\" content=\"3 minutes\" \/>\n<script type=\"application\/ld+json\" class=\"yoast-schema-graph\">{\"@context\":\"https:\\\/\\\/schema.org\",\"@graph\":[{\"@type\":\"WebPage\",\"@id\":\"http:\\\/\\\/mille-pertuis.org\\\/?page_id=1195\",\"url\":\"http:\\\/\\\/mille-pertuis.org\\\/?page_id=1195\",\"name\":\"Qu'est-ce qu'un Repair caf\u00e9 ? - Mille-Pertuis\",\"isPartOf\":{\"@id\":\"http:\\\/\\\/mille-pertuis.org\\\/#website\"},\"primaryImageOfPage\":{\"@id\":\"http:\\\/\\\/mille-pertuis.org\\\/?page_id=1195#primaryimage\"},\"image\":{\"@id\":\"http:\\\/\\\/mille-pertuis.org\\\/?page_id=1195#primaryimage\"},\"thumbnailUrl\":\"http:\\\/\\\/mille-pertuis.org\\\/wp-content\\\/uploads\\\/2019\\\/01\\\/Diapositive1-1024x576.jpg\",\"datePublished\":\"2020-07-04T21:18:26+00:00\",\"dateModified\":\"2023-01-16T13:11:06+00:00\",\"breadcrumb\":{\"@id\":\"http:\\\/\\\/mille-pertuis.org\\\/?page_id=1195#breadcrumb\"},\"inLanguage\":\"fr-FR\",\"potentialAction\":[{\"@type\":\"ReadAction\",\"target\":[\"http:\\\/\\\/mille-pertuis.org\\\/?page_id=1195\"]}]},{\"@type\":\"ImageObject\",\"inLanguage\":\"fr-FR\",\"@id\":\"http:\\\/\\\/mille-pertuis.org\\\/?page_id=1195#primaryimage\",\"url\":\"http:\\\/\\\/mille-pertuis.org\\\/wp-content\\\/uploads\\\/2019\\\/01\\\/Diapositive1.jpg\",\"contentUrl\":\"http:\\\/\\\/mille-pertuis.org\\\/wp-content\\\/uploads\\\/2019\\\/01\\\/Diapositive1.jpg\",\"width\":1280,\"height\":720},{\"@type\":\"BreadcrumbList\",\"@id\":\"http:\\\/\\\/mille-pertuis.org\\\/?page_id=1195#breadcrumb\",\"itemListElement\":[{\"@type\":\"ListItem\",\"position\":1,\"name\":\"Accueil\",\"item\":\"http:\\\/\\\/mille-pertuis.org\\\/\"},{\"@type\":\"ListItem\",\"position\":2,\"name\":\"Qu&rsquo;est-ce qu&rsquo;un Repair caf\u00e9 ?\"}]},{\"@type\":\"WebSite\",\"@id\":\"http:\\\/\\\/mille-pertuis.org\\\/#website\",\"url\":\"http:\\\/\\\/mille-pertuis.org\\\/\",\"name\":\"Mille-Pertuis\",\"description\":\"1001 passerelles vers un mode de vie \u00e9cologique\",\"publisher\":{\"@id\":\"http:\\\/\\\/mille-pertuis.org\\\/#organization\"},\"potentialAction\":[{\"@type\":\"SearchAction\",\"target\":{\"@type\":\"EntryPoint\",\"urlTemplate\":\"http:\\\/\\\/mille-pertuis.org\\\/?s={search_term_string}\"},\"query-input\":{\"@type\":\"PropertyValueSpecification\",\"valueRequired\":true,\"valueName\":\"search_term_string\"}}],\"inLanguage\":\"fr-FR\"},{\"@type\":\"Organization\",\"@id\":\"http:\\\/\\\/mille-pertuis.org\\\/#organization\",\"name\":\"Mille-Pertuis\",\"url\":\"http:\\\/\\\/mille-pertuis.org\\\/\",\"logo\":{\"@type\":\"ImageObject\",\"inLanguage\":\"fr-FR\",\"@id\":\"http:\\\/\\\/mille-pertuis.org\\\/#\\\/schema\\\/logo\\\/image\\\/\",\"url\":\"http:\\\/\\\/mille-pertuis.org\\\/wp-content\\\/uploads\\\/2019\\\/12\\\/cropped-logo_ML_V2.0_COUL.jpg\",\"contentUrl\":\"http:\\\/\\\/mille-pertuis.org\\\/wp-content\\\/uploads\\\/2019\\\/12\\\/cropped-logo_ML_V2.0_COUL.jpg\",\"width\":240,\"height\":75,\"caption\":\"Mille-Pertuis\"},\"image\":{\"@id\":\"http:\\\/\\\/mille-pertuis.org\\\/#\\\/schema\\\/logo\\\/image\\\/\"}}]}<\/script>\n<!-- \/ Yoast SEO plugin. -->","yoast_head_json":{"title":"Qu'est-ce qu'un Repair caf\u00e9 ? - Mille-Pertuis","robots":{"index":"index","follow":"follow","max-snippet":"max-snippet:-1","max-image-preview":"max-image-preview:large","max-video-preview":"max-video-preview:-1"},"canonical":"http:\/\/mille-pertuis.org\/?page_id=1195","og_locale":"fr_FR","og_type":"article","og_title":"Qu'est-ce qu'un Repair caf\u00e9 ? - Mille-Pertuis","og_description":"Un Repair Caf\u00e9 (ou Caf\u00e9 de la r\u00e9paration) est un atelier consacr\u00e9 \u00e0 la r\u00e9paration d&rsquo;objets. Les personnes se rencontrent p\u00e9riodiquement en un lieu o\u00f9 des outils sont mis \u00e0 leur disposition et o\u00f9 ils peuvent r\u00e9parer un objet qu&rsquo;ils ont apport\u00e9, aid\u00e9s par des volontaires, qui s\u2019y connaissent particuli\u00e8rement en \u00e9lectronique, \u00e9lectricit\u00e9, m\u00e9canique, travail &hellip; Continuer la lecture de &laquo;&nbsp;Qu&rsquo;est-ce qu&rsquo;un Repair caf\u00e9 ?&nbsp;&raquo;","og_url":"http:\/\/mille-pertuis.org\/?page_id=1195","og_site_name":"Mille-Pertuis","article_modified_time":"2023-01-16T13:11:06+00:00","og_image":[{"url":"http:\/\/mille-pertuis.org\/wp-content\/uploads\/2019\/01\/Diapositive1-1024x576.jpg","type":"","width":"","height":""}],"twitter_card":"summary_large_image","twitter_misc":{"Dur\u00e9e de lecture estim\u00e9e":"3 minutes"},"schema":{"@context":"https:\/\/schema.org","@graph":[{"@type":"WebPage","@id":"http:\/\/mille-pertuis.org\/?page_id=1195","url":"http:\/\/mille-pertuis.org\/?page_id=1195","name":"Qu'est-ce qu'un Repair caf\u00e9 ? - Mille-Pertuis","isPartOf":{"@id":"http:\/\/mille-pertuis.org\/#website"},"primaryImageOfPage":{"@id":"http:\/\/mille-pertuis.org\/?page_id=1195#primaryimage"},"image":{"@id":"http:\/\/mille-pertuis.org\/?page_id=1195#primaryimage"},"thumbnailUrl":"http:\/\/mille-pertuis.org\/wp-content\/uploads\/2019\/01\/Diapositive1-1024x576.jpg","datePublished":"2020-07-04T21:18:26+00:00","dateModified":"2023-01-16T13:11:06+00:00","breadcrumb":{"@id":"http:\/\/mille-pertuis.org\/?page_id=1195#breadcrumb"},"inLanguage":"fr-FR","potentialAction":[{"@type":"ReadAction","target":["http:\/\/mille-pertuis.org\/?page_id=1195"]}]},{"@type":"ImageObject","inLanguage":"fr-FR","@id":"http:\/\/mille-pertuis.org\/?page_id=1195#primaryimage","url":"http:\/\/mille-pertuis.org\/wp-content\/uploads\/2019\/01\/Diapositive1.jpg","contentUrl":"http:\/\/mille-pertuis.org\/wp-content\/uploads\/2019\/01\/Diapositive1.jpg","width":1280,"height":720},{"@type":"BreadcrumbList","@id":"http:\/\/mille-pertuis.org\/?page_id=1195#breadcrumb","itemListElement":[{"@type":"ListItem","position":1,"name":"Accueil","item":"http:\/\/mille-pertuis.org\/"},{"@type":"ListItem","position":2,"name":"Qu&rsquo;est-ce qu&rsquo;un Repair caf\u00e9 ?"}]},{"@type":"WebSite","@id":"http:\/\/mille-pertuis.org\/#website","url":"http:\/\/mille-pertuis.org\/","name":"Mille-Pertuis","description":"1001 passerelles vers un mode de vie \u00e9cologique","publisher":{"@id":"http:\/\/mille-pertuis.org\/#organization"},"potentialAction":[{"@type":"SearchAction","target":{"@type":"EntryPoint","urlTemplate":"http:\/\/mille-pertuis.org\/?s={search_term_string}"},"query-input":{"@type":"PropertyValueSpecification","valueRequired":true,"valueName":"search_term_string"}}],"inLanguage":"fr-FR"},{"@type":"Organization","@id":"http:\/\/mille-pertuis.org\/#organization","name":"Mille-Pertuis","url":"http:\/\/mille-pertuis.org\/","logo":{"@type":"ImageObject","inLanguage":"fr-FR","@id":"http:\/\/mille-pertuis.org\/#\/schema\/logo\/image\/","url":"http:\/\/mille-pertuis.org\/wp-content\/uploads\/2019\/12\/cropped-logo_ML_V2.0_COUL.jpg","contentUrl":"http:\/\/mille-pertuis.org\/wp-content\/uploads\/2019\/12\/cropped-logo_ML_V2.0_COUL.jpg","width":240,"height":75,"caption":"Mille-Pertuis"},"image":{"@id":"http:\/\/mille-pertuis.org\/#\/schema\/logo\/image\/"}}]}},"_links":{"self":[{"href":"http:\/\/mille-pertuis.org\/index.php?rest_route=\/wp\/v2\/pages\/1195","targetHints":{"allow":["GET"]}}],"collection":[{"href":"http:\/\/mille-pertuis.org\/index.php?rest_route=\/wp\/v2\/pages"}],"about":[{"href":"http:\/\/mille-pertuis.org\/index.php?rest_route=\/wp\/v2\/types\/page"}],"author":[{"embeddable":true,"href":"http:\/\/mille-pertuis.org\/index.php?rest_route=\/wp\/v2\/users\/3"}],"replies":[{"embeddable":true,"href":"http:\/\/mille-pertuis.org\/index.php?rest_route=%2Fwp%2Fv2%2Fcomments&post=1195"}],"version-history":[{"count":5,"href":"http:\/\/mille-pertuis.org\/index.php?rest_route=\/wp\/v2\/pages\/1195\/revisions"}],"predecessor-version":[{"id":2551,"href":"http:\/\/mille-pertuis.org\/index.php?rest_route=\/wp\/v2\/pages\/1195\/revisions\/2551"}],"wp:attachment":[{"href":"http:\/\/mille-pertuis.org\/index.php?rest_route=%2Fwp%2Fv2%2Fmedia&parent=1195"}],"curies":[{"name":"wp","href":"https:\/\/api.w.org\/{rel}","templated":true}]}}