{"id":1201,"date":"2020-07-04T23:24:52","date_gmt":"2020-07-04T21:24:52","guid":{"rendered":"https:\/\/mille-pertuis.org\/?page_id=1201"},"modified":"2022-11-25T10:53:33","modified_gmt":"2022-11-25T09:53:33","slug":"les-marcheurs-cueilleurs","status":"publish","type":"page","link":"http:\/\/mille-pertuis.org\/?page_id=1201","title":{"rendered":"Les Marcheurs-Cueilleurs"},"content":{"rendered":"\n<p>A la plage, en for\u00eat, \u00e0 la campagne ou \u00e0 la montagne, rejoignez-les \u00e9quipes de randonneurs nettoyeurs des <a href=\"https:\/\/www.les-marcheurs-cueilleurs.com\/\" target=\"_blank\" rel=\"noreferrer noopener\">Marcheurs-Cueilleurs<\/a>.<br>Nous vous donnons RdV \u00e0 Fontenay-l\u00e8s-Briis pour une rando durable toutes g\u00e9n\u00e9rations confondues, <strong>chaque 1er mercredi du mois de 14h \u00e0 15h3<\/strong>0.<\/p>\n\n\n\n<p>Pour toutes questions, vous pouvez contacter Lili sur lvancampen@orange.fr <\/p>\n\n\n\n<p>Un pot convivial cl\u00f4t chaque randonn\u00e9e<\/p>\n\n\n\n<p><strong>Mille-Pertuis est partenaire des Marcheurs-Cueilleurs<\/strong>.<\/p>\n","protected":false},"excerpt":{"rendered":"<p>A la plage, en for\u00eat, \u00e0 la campagne ou \u00e0 la montagne, rejoignez-les \u00e9quipes de randonneurs nettoyeurs des Marcheurs-Cueilleurs.Nous vous donnons RdV \u00e0 Fontenay-l\u00e8s-Briis pour une rando durable toutes g\u00e9n\u00e9rations confondues, chaque 1er mercredi du mois de 14h \u00e0 15h30. Pour toutes questions, vous pouvez contacter Lili sur lvancampen@orange.fr Un pot convivial cl\u00f4t chaque randonn\u00e9e &hellip; <a href=\"http:\/\/mille-pertuis.org\/?page_id=1201\" class=\"more-link\">Continuer la lecture<span class=\"screen-reader-text\"> de &laquo;&nbsp;Les Marcheurs-Cueilleurs&nbsp;&raquo;<\/span><\/a><\/p>\n","protected":false},"author":3,"featured_media":0,"parent":0,"menu_order":0,"comment_status":"closed","ping_status":"closed","template":"","meta":{"footnotes":""},"class_list":["post-1201","page","type-page","status-publish","hentry"],"yoast_head":"<!-- This site is optimized with the Yoast SEO plugin v27.4 - https:\/\/yoast.com\/product\/yoast-seo-wordpress\/ -->\n<title>Les Marcheurs-Cueilleurs - Mille-Pertuis<\/title>\n<meta name=\"robots\" content=\"index, follow, max-snippet:-1, max-image-preview:large, max-video-preview:-1\" \/>\n<link rel=\"canonical\" href=\"http:\/\/mille-pertuis.org\/?page_id=1201\" \/>\n<meta property=\"og:locale\" content=\"fr_FR\" \/>\n<meta property=\"og:type\" content=\"article\" \/>\n<meta property=\"og:title\" content=\"Les Marcheurs-Cueilleurs - Mille-Pertuis\" \/>\n<meta property=\"og:description\" content=\"A la plage, en for\u00eat, \u00e0 la campagne ou \u00e0 la montagne, rejoignez-les \u00e9quipes de randonneurs nettoyeurs des Marcheurs-Cueilleurs.Nous vous donnons RdV \u00e0 Fontenay-l\u00e8s-Briis pour une rando durable toutes g\u00e9n\u00e9rations confondues, chaque 1er mercredi du mois de 14h \u00e0 15h30. Pour toutes questions, vous pouvez contacter Lili sur lvancampen@orange.fr Un pot convivial cl\u00f4t chaque randonn\u00e9e &hellip; Continuer la lecture de &laquo;&nbsp;Les Marcheurs-Cueilleurs&nbsp;&raquo;\" \/>\n<meta property=\"og:url\" content=\"http:\/\/mille-pertuis.org\/?page_id=1201\" \/>\n<meta property=\"og:site_name\" content=\"Mille-Pertuis\" \/>\n<meta property=\"article:modified_time\" content=\"2022-11-25T09:53:33+00:00\" \/>\n<meta name=\"twitter:card\" content=\"summary_large_image\" \/>\n<meta name=\"twitter:label1\" content=\"Dur\u00e9e de lecture estim\u00e9e\" \/>\n\t<meta name=\"twitter:data1\" content=\"1 minute\" \/>\n<script type=\"application\/ld+json\" class=\"yoast-schema-graph\">{\"@context\":\"https:\\\/\\\/schema.org\",\"@graph\":[{\"@type\":\"WebPage\",\"@id\":\"http:\\\/\\\/mille-pertuis.org\\\/?page_id=1201\",\"url\":\"http:\\\/\\\/mille-pertuis.org\\\/?page_id=1201\",\"name\":\"Les Marcheurs-Cueilleurs - Mille-Pertuis\",\"isPartOf\":{\"@id\":\"http:\\\/\\\/mille-pertuis.org\\\/#website\"},\"datePublished\":\"2020-07-04T21:24:52+00:00\",\"dateModified\":\"2022-11-25T09:53:33+00:00\",\"breadcrumb\":{\"@id\":\"http:\\\/\\\/mille-pertuis.org\\\/?page_id=1201#breadcrumb\"},\"inLanguage\":\"fr-FR\",\"potentialAction\":[{\"@type\":\"ReadAction\",\"target\":[\"http:\\\/\\\/mille-pertuis.org\\\/?page_id=1201\"]}]},{\"@type\":\"BreadcrumbList\",\"@id\":\"http:\\\/\\\/mille-pertuis.org\\\/?page_id=1201#breadcrumb\",\"itemListElement\":[{\"@type\":\"ListItem\",\"position\":1,\"name\":\"Accueil\",\"item\":\"http:\\\/\\\/mille-pertuis.org\\\/\"},{\"@type\":\"ListItem\",\"position\":2,\"name\":\"Les Marcheurs-Cueilleurs\"}]},{\"@type\":\"WebSite\",\"@id\":\"http:\\\/\\\/mille-pertuis.org\\\/#website\",\"url\":\"http:\\\/\\\/mille-pertuis.org\\\/\",\"name\":\"Mille-Pertuis\",\"description\":\"1001 passerelles vers un mode de vie \u00e9cologique\",\"publisher\":{\"@id\":\"http:\\\/\\\/mille-pertuis.org\\\/#organization\"},\"potentialAction\":[{\"@type\":\"SearchAction\",\"target\":{\"@type\":\"EntryPoint\",\"urlTemplate\":\"http:\\\/\\\/mille-pertuis.org\\\/?s={search_term_string}\"},\"query-input\":{\"@type\":\"PropertyValueSpecification\",\"valueRequired\":true,\"valueName\":\"search_term_string\"}}],\"inLanguage\":\"fr-FR\"},{\"@type\":\"Organization\",\"@id\":\"http:\\\/\\\/mille-pertuis.org\\\/#organization\",\"name\":\"Mille-Pertuis\",\"url\":\"http:\\\/\\\/mille-pertuis.org\\\/\",\"logo\":{\"@type\":\"ImageObject\",\"inLanguage\":\"fr-FR\",\"@id\":\"http:\\\/\\\/mille-pertuis.org\\\/#\\\/schema\\\/logo\\\/image\\\/\",\"url\":\"http:\\\/\\\/mille-pertuis.org\\\/wp-content\\\/uploads\\\/2019\\\/12\\\/cropped-logo_ML_V2.0_COUL.jpg\",\"contentUrl\":\"http:\\\/\\\/mille-pertuis.org\\\/wp-content\\\/uploads\\\/2019\\\/12\\\/cropped-logo_ML_V2.0_COUL.jpg\",\"width\":240,\"height\":75,\"caption\":\"Mille-Pertuis\"},\"image\":{\"@id\":\"http:\\\/\\\/mille-pertuis.org\\\/#\\\/schema\\\/logo\\\/image\\\/\"}}]}<\/script>\n<!-- \/ Yoast SEO plugin. -->","yoast_head_json":{"title":"Les Marcheurs-Cueilleurs - Mille-Pertuis","robots":{"index":"index","follow":"follow","max-snippet":"max-snippet:-1","max-image-preview":"max-image-preview:large","max-video-preview":"max-video-preview:-1"},"canonical":"http:\/\/mille-pertuis.org\/?page_id=1201","og_locale":"fr_FR","og_type":"article","og_title":"Les Marcheurs-Cueilleurs - Mille-Pertuis","og_description":"A la plage, en for\u00eat, \u00e0 la campagne ou \u00e0 la montagne, rejoignez-les \u00e9quipes de randonneurs nettoyeurs des Marcheurs-Cueilleurs.Nous vous donnons RdV \u00e0 Fontenay-l\u00e8s-Briis pour une rando durable toutes g\u00e9n\u00e9rations confondues, chaque 1er mercredi du mois de 14h \u00e0 15h30. Pour toutes questions, vous pouvez contacter Lili sur lvancampen@orange.fr Un pot convivial cl\u00f4t chaque randonn\u00e9e &hellip; Continuer la lecture de &laquo;&nbsp;Les Marcheurs-Cueilleurs&nbsp;&raquo;","og_url":"http:\/\/mille-pertuis.org\/?page_id=1201","og_site_name":"Mille-Pertuis","article_modified_time":"2022-11-25T09:53:33+00:00","twitter_card":"summary_large_image","twitter_misc":{"Dur\u00e9e de lecture estim\u00e9e":"1 minute"},"schema":{"@context":"https:\/\/schema.org","@graph":[{"@type":"WebPage","@id":"http:\/\/mille-pertuis.org\/?page_id=1201","url":"http:\/\/mille-pertuis.org\/?page_id=1201","name":"Les Marcheurs-Cueilleurs - Mille-Pertuis","isPartOf":{"@id":"http:\/\/mille-pertuis.org\/#website"},"datePublished":"2020-07-04T21:24:52+00:00","dateModified":"2022-11-25T09:53:33+00:00","breadcrumb":{"@id":"http:\/\/mille-pertuis.org\/?page_id=1201#breadcrumb"},"inLanguage":"fr-FR","potentialAction":[{"@type":"ReadAction","target":["http:\/\/mille-pertuis.org\/?page_id=1201"]}]},{"@type":"BreadcrumbList","@id":"http:\/\/mille-pertuis.org\/?page_id=1201#breadcrumb","itemListElement":[{"@type":"ListItem","position":1,"name":"Accueil","item":"http:\/\/mille-pertuis.org\/"},{"@type":"ListItem","position":2,"name":"Les Marcheurs-Cueilleurs"}]},{"@type":"WebSite","@id":"http:\/\/mille-pertuis.org\/#website","url":"http:\/\/mille-pertuis.org\/","name":"Mille-Pertuis","description":"1001 passerelles vers un mode de vie \u00e9cologique","publisher":{"@id":"http:\/\/mille-pertuis.org\/#organization"},"potentialAction":[{"@type":"SearchAction","target":{"@type":"EntryPoint","urlTemplate":"http:\/\/mille-pertuis.org\/?s={search_term_string}"},"query-input":{"@type":"PropertyValueSpecification","valueRequired":true,"valueName":"search_term_string"}}],"inLanguage":"fr-FR"},{"@type":"Organization","@id":"http:\/\/mille-pertuis.org\/#organization","name":"Mille-Pertuis","url":"http:\/\/mille-pertuis.org\/","logo":{"@type":"ImageObject","inLanguage":"fr-FR","@id":"http:\/\/mille-pertuis.org\/#\/schema\/logo\/image\/","url":"http:\/\/mille-pertuis.org\/wp-content\/uploads\/2019\/12\/cropped-logo_ML_V2.0_COUL.jpg","contentUrl":"http:\/\/mille-pertuis.org\/wp-content\/uploads\/2019\/12\/cropped-logo_ML_V2.0_COUL.jpg","width":240,"height":75,"caption":"Mille-Pertuis"},"image":{"@id":"http:\/\/mille-pertuis.org\/#\/schema\/logo\/image\/"}}]}},"_links":{"self":[{"href":"http:\/\/mille-pertuis.org\/index.php?rest_route=\/wp\/v2\/pages\/1201","targetHints":{"allow":["GET"]}}],"collection":[{"href":"http:\/\/mille-pertuis.org\/index.php?rest_route=\/wp\/v2\/pages"}],"about":[{"href":"http:\/\/mille-pertuis.org\/index.php?rest_route=\/wp\/v2\/types\/page"}],"author":[{"embeddable":true,"href":"http:\/\/mille-pertuis.org\/index.php?rest_route=\/wp\/v2\/users\/3"}],"replies":[{"embeddable":true,"href":"http:\/\/mille-pertuis.org\/index.php?rest_route=%2Fwp%2Fv2%2Fcomments&post=1201"}],"version-history":[{"count":5,"href":"http:\/\/mille-pertuis.org\/index.php?rest_route=\/wp\/v2\/pages\/1201\/revisions"}],"predecessor-version":[{"id":2488,"href":"http:\/\/mille-pertuis.org\/index.php?rest_route=\/wp\/v2\/pages\/1201\/revisions\/2488"}],"wp:attachment":[{"href":"http:\/\/mille-pertuis.org\/index.php?rest_route=%2Fwp%2Fv2%2Fmedia&parent=1201"}],"curies":[{"name":"wp","href":"https:\/\/api.w.org\/{rel}","templated":true}]}}