{"id":2,"date":"2018-10-23T16:45:27","date_gmt":"2018-10-23T14:45:27","guid":{"rendered":"https:\/\/mille-pertuis.org\/?page_id=2"},"modified":"2022-11-25T11:42:29","modified_gmt":"2022-11-25T10:42:29","slug":"les-activites","status":"publish","type":"page","link":"http:\/\/mille-pertuis.org\/?page_id=2","title":{"rendered":"Les activit\u00e9s"},"content":{"rendered":"\n<p><\/p>\n\n\n<ul>\n<li><a href=\"https:\/\/mille-pertuis.org\/quest-ce-quun-repair-cafe\/\">Repair-Caf\u00e9<\/a>\/ <a href=\"https:\/\/mille-pertuis.org\/non-classe\/fablab-biodiversite-zero-dechet\/\">Fablab Biodiversit\u00e9-Z\u00e9ro d\u00e9chet<\/a><\/li>\n<li><a href=\"https:\/\/mille-pertuis.org\/les-activites\/les-ressources-des-ateliers\/\">Ateliers pratiques<\/a><\/li>\n<li><a href=\"https:\/\/mille-pertuis.org\/conferences\/\">Conf\u00e9rences<\/a><\/li>\n<li><a href=\"https:\/\/mille-pertuis.org\/les-activites\/blog\/\">Projections d\u00e9bats<\/a><\/li>\n<li><a href=\"https:\/\/mille-pertuis.org\/visites-mille-pertuis\/\">Visites<\/a><\/li>\n<li><a href=\"https:\/\/mille-pertuis.org\/livres-doccasion\">Donner une 2eme vie aux livres &#8211; partenariat avec Recyclivre<\/a>\u00a0<\/li>\n<li><a href=\"https:\/\/mille-pertuis.org\/grainotheque\/\">La Grainoth\u00e8que (troc de graines)<\/a><\/li>\n<li>Le troc de plante<\/li>\n<li>Les <a href=\"https:\/\/mille-pertuis.org\/les-marcheurs-cueilleurs\/\">Marcheurs-Cueilleurs<\/a><\/li>\n<li>Les <a href=\"http:\/\/mille-pertuis.org\/wp-content\/uploads\/2019\/04\/Affiche-Caban_adon.jpg\">Caban&rsquo;adons<\/a><\/li>\n<li>Achats Group\u00e9s<\/li>\n<\/ul>\n\n\n<p><\/p>\n","protected":false},"excerpt":{"rendered":"<p>Repair-Caf\u00e9\/ Fablab Biodiversit\u00e9-Z\u00e9ro d\u00e9chet Ateliers pratiques Conf\u00e9rences Projections d\u00e9bats Visites Donner une 2eme vie aux livres &#8211; partenariat avec Recyclivre\u00a0 La Grainoth\u00e8que (troc de graines) Le troc de plante Les Marcheurs-Cueilleurs Les Caban&rsquo;adons Achats Group\u00e9s<\/p>\n","protected":false},"author":2,"featured_media":0,"parent":0,"menu_order":0,"comment_status":"closed","ping_status":"open","template":"","meta":{"footnotes":""},"class_list":["post-2","page","type-page","status-publish","hentry"],"yoast_head":"<!-- This site is optimized with the Yoast SEO plugin v27.4 - https:\/\/yoast.com\/product\/yoast-seo-wordpress\/ -->\n<title>Les activit\u00e9s - Mille-Pertuis<\/title>\n<meta name=\"robots\" content=\"index, follow, max-snippet:-1, max-image-preview:large, max-video-preview:-1\" \/>\n<link rel=\"canonical\" href=\"http:\/\/mille-pertuis.org\/?page_id=2\" \/>\n<meta property=\"og:locale\" content=\"fr_FR\" \/>\n<meta property=\"og:type\" content=\"article\" \/>\n<meta property=\"og:title\" content=\"Les activit\u00e9s - Mille-Pertuis\" \/>\n<meta property=\"og:description\" content=\"Repair-Caf\u00e9\/ Fablab Biodiversit\u00e9-Z\u00e9ro d\u00e9chet Ateliers pratiques Conf\u00e9rences Projections d\u00e9bats Visites Donner une 2eme vie aux livres &#8211; partenariat avec Recyclivre\u00a0 La Grainoth\u00e8que (troc de graines) Le troc de plante Les Marcheurs-Cueilleurs Les Caban&rsquo;adons Achats Group\u00e9s\" \/>\n<meta property=\"og:url\" content=\"http:\/\/mille-pertuis.org\/?page_id=2\" \/>\n<meta property=\"og:site_name\" content=\"Mille-Pertuis\" \/>\n<meta property=\"article:modified_time\" content=\"2022-11-25T10:42:29+00:00\" \/>\n<meta name=\"twitter:card\" content=\"summary_large_image\" \/>\n<meta name=\"twitter:label1\" content=\"Dur\u00e9e de lecture estim\u00e9e\" \/>\n\t<meta name=\"twitter:data1\" content=\"1 minute\" \/>\n<script type=\"application\/ld+json\" class=\"yoast-schema-graph\">{\"@context\":\"https:\\\/\\\/schema.org\",\"@graph\":[{\"@type\":\"WebPage\",\"@id\":\"http:\\\/\\\/mille-pertuis.org\\\/?page_id=2\",\"url\":\"http:\\\/\\\/mille-pertuis.org\\\/?page_id=2\",\"name\":\"Les activit\u00e9s - Mille-Pertuis\",\"isPartOf\":{\"@id\":\"http:\\\/\\\/mille-pertuis.org\\\/#website\"},\"datePublished\":\"2018-10-23T14:45:27+00:00\",\"dateModified\":\"2022-11-25T10:42:29+00:00\",\"breadcrumb\":{\"@id\":\"http:\\\/\\\/mille-pertuis.org\\\/?page_id=2#breadcrumb\"},\"inLanguage\":\"fr-FR\",\"potentialAction\":[{\"@type\":\"ReadAction\",\"target\":[\"http:\\\/\\\/mille-pertuis.org\\\/?page_id=2\"]}]},{\"@type\":\"BreadcrumbList\",\"@id\":\"http:\\\/\\\/mille-pertuis.org\\\/?page_id=2#breadcrumb\",\"itemListElement\":[{\"@type\":\"ListItem\",\"position\":1,\"name\":\"Accueil\",\"item\":\"http:\\\/\\\/mille-pertuis.org\\\/\"},{\"@type\":\"ListItem\",\"position\":2,\"name\":\"Les activit\u00e9s\"}]},{\"@type\":\"WebSite\",\"@id\":\"http:\\\/\\\/mille-pertuis.org\\\/#website\",\"url\":\"http:\\\/\\\/mille-pertuis.org\\\/\",\"name\":\"Mille-Pertuis\",\"description\":\"1001 passerelles vers un mode de vie \u00e9cologique\",\"publisher\":{\"@id\":\"http:\\\/\\\/mille-pertuis.org\\\/#organization\"},\"potentialAction\":[{\"@type\":\"SearchAction\",\"target\":{\"@type\":\"EntryPoint\",\"urlTemplate\":\"http:\\\/\\\/mille-pertuis.org\\\/?s={search_term_string}\"},\"query-input\":{\"@type\":\"PropertyValueSpecification\",\"valueRequired\":true,\"valueName\":\"search_term_string\"}}],\"inLanguage\":\"fr-FR\"},{\"@type\":\"Organization\",\"@id\":\"http:\\\/\\\/mille-pertuis.org\\\/#organization\",\"name\":\"Mille-Pertuis\",\"url\":\"http:\\\/\\\/mille-pertuis.org\\\/\",\"logo\":{\"@type\":\"ImageObject\",\"inLanguage\":\"fr-FR\",\"@id\":\"http:\\\/\\\/mille-pertuis.org\\\/#\\\/schema\\\/logo\\\/image\\\/\",\"url\":\"http:\\\/\\\/mille-pertuis.org\\\/wp-content\\\/uploads\\\/2019\\\/12\\\/cropped-logo_ML_V2.0_COUL.jpg\",\"contentUrl\":\"http:\\\/\\\/mille-pertuis.org\\\/wp-content\\\/uploads\\\/2019\\\/12\\\/cropped-logo_ML_V2.0_COUL.jpg\",\"width\":240,\"height\":75,\"caption\":\"Mille-Pertuis\"},\"image\":{\"@id\":\"http:\\\/\\\/mille-pertuis.org\\\/#\\\/schema\\\/logo\\\/image\\\/\"}}]}<\/script>\n<!-- \/ Yoast SEO plugin. -->","yoast_head_json":{"title":"Les activit\u00e9s - Mille-Pertuis","robots":{"index":"index","follow":"follow","max-snippet":"max-snippet:-1","max-image-preview":"max-image-preview:large","max-video-preview":"max-video-preview:-1"},"canonical":"http:\/\/mille-pertuis.org\/?page_id=2","og_locale":"fr_FR","og_type":"article","og_title":"Les activit\u00e9s - Mille-Pertuis","og_description":"Repair-Caf\u00e9\/ Fablab Biodiversit\u00e9-Z\u00e9ro d\u00e9chet Ateliers pratiques Conf\u00e9rences Projections d\u00e9bats Visites Donner une 2eme vie aux livres &#8211; partenariat avec Recyclivre\u00a0 La Grainoth\u00e8que (troc de graines) Le troc de plante Les Marcheurs-Cueilleurs Les Caban&rsquo;adons Achats Group\u00e9s","og_url":"http:\/\/mille-pertuis.org\/?page_id=2","og_site_name":"Mille-Pertuis","article_modified_time":"2022-11-25T10:42:29+00:00","twitter_card":"summary_large_image","twitter_misc":{"Dur\u00e9e de lecture estim\u00e9e":"1 minute"},"schema":{"@context":"https:\/\/schema.org","@graph":[{"@type":"WebPage","@id":"http:\/\/mille-pertuis.org\/?page_id=2","url":"http:\/\/mille-pertuis.org\/?page_id=2","name":"Les activit\u00e9s - Mille-Pertuis","isPartOf":{"@id":"http:\/\/mille-pertuis.org\/#website"},"datePublished":"2018-10-23T14:45:27+00:00","dateModified":"2022-11-25T10:42:29+00:00","breadcrumb":{"@id":"http:\/\/mille-pertuis.org\/?page_id=2#breadcrumb"},"inLanguage":"fr-FR","potentialAction":[{"@type":"ReadAction","target":["http:\/\/mille-pertuis.org\/?page_id=2"]}]},{"@type":"BreadcrumbList","@id":"http:\/\/mille-pertuis.org\/?page_id=2#breadcrumb","itemListElement":[{"@type":"ListItem","position":1,"name":"Accueil","item":"http:\/\/mille-pertuis.org\/"},{"@type":"ListItem","position":2,"name":"Les activit\u00e9s"}]},{"@type":"WebSite","@id":"http:\/\/mille-pertuis.org\/#website","url":"http:\/\/mille-pertuis.org\/","name":"Mille-Pertuis","description":"1001 passerelles vers un mode de vie \u00e9cologique","publisher":{"@id":"http:\/\/mille-pertuis.org\/#organization"},"potentialAction":[{"@type":"SearchAction","target":{"@type":"EntryPoint","urlTemplate":"http:\/\/mille-pertuis.org\/?s={search_term_string}"},"query-input":{"@type":"PropertyValueSpecification","valueRequired":true,"valueName":"search_term_string"}}],"inLanguage":"fr-FR"},{"@type":"Organization","@id":"http:\/\/mille-pertuis.org\/#organization","name":"Mille-Pertuis","url":"http:\/\/mille-pertuis.org\/","logo":{"@type":"ImageObject","inLanguage":"fr-FR","@id":"http:\/\/mille-pertuis.org\/#\/schema\/logo\/image\/","url":"http:\/\/mille-pertuis.org\/wp-content\/uploads\/2019\/12\/cropped-logo_ML_V2.0_COUL.jpg","contentUrl":"http:\/\/mille-pertuis.org\/wp-content\/uploads\/2019\/12\/cropped-logo_ML_V2.0_COUL.jpg","width":240,"height":75,"caption":"Mille-Pertuis"},"image":{"@id":"http:\/\/mille-pertuis.org\/#\/schema\/logo\/image\/"}}]}},"_links":{"self":[{"href":"http:\/\/mille-pertuis.org\/index.php?rest_route=\/wp\/v2\/pages\/2","targetHints":{"allow":["GET"]}}],"collection":[{"href":"http:\/\/mille-pertuis.org\/index.php?rest_route=\/wp\/v2\/pages"}],"about":[{"href":"http:\/\/mille-pertuis.org\/index.php?rest_route=\/wp\/v2\/types\/page"}],"author":[{"embeddable":true,"href":"http:\/\/mille-pertuis.org\/index.php?rest_route=\/wp\/v2\/users\/2"}],"replies":[{"embeddable":true,"href":"http:\/\/mille-pertuis.org\/index.php?rest_route=%2Fwp%2Fv2%2Fcomments&post=2"}],"version-history":[{"count":5,"href":"http:\/\/mille-pertuis.org\/index.php?rest_route=\/wp\/v2\/pages\/2\/revisions"}],"predecessor-version":[{"id":2498,"href":"http:\/\/mille-pertuis.org\/index.php?rest_route=\/wp\/v2\/pages\/2\/revisions\/2498"}],"wp:attachment":[{"href":"http:\/\/mille-pertuis.org\/index.php?rest_route=%2Fwp%2Fv2%2Fmedia&parent=2"}],"curies":[{"name":"wp","href":"https:\/\/api.w.org\/{rel}","templated":true}]}}