{"id":9,"date":"2018-10-23T17:13:48","date_gmt":"2018-10-23T15:13:48","guid":{"rendered":"https:\/\/mille-pertuis.org\/?page_id=9"},"modified":"2022-08-09T19:42:13","modified_gmt":"2022-08-09T17:42:13","slug":"l-esprit","status":"publish","type":"page","link":"http:\/\/mille-pertuis.org\/?page_id=9","title":{"rendered":"L&rsquo;esprit"},"content":{"rendered":"<p>L\u2019association MILLE PERTUIS souhaite cr\u00e9er une <strong>dynamique collective <\/strong>pour :<\/p>\n<ul>\n<li>&nbsp;promouvoir des gestes \u00e9co-citoyens au moyen d\u2019\u00e9changes conviviaux, d\u2019ateliers, de stages, caf\u00e9 d\u00e9bat, caf\u00e9 de la r\u00e9paration et autres animations.<\/li>\n<li>&nbsp;sensibiliser \u00e0 l\u2019utilisation raisonn\u00e9e des ressources naturelles et locales, en favorisant la biodiversit\u00e9.<\/li>\n<li>&nbsp;proposer des solutions concr\u00e8tes pour diminuer l\u2019impact environnemental (d\u00e9chets, eau, \u00e9nergie\u2026) et favoriser la qualit\u00e9 de l\u2019alimentation.<\/li>\n<li>transmettre un savoir-faire pour r\u00e9duire les d\u00e9chets et r\u00e9aliser des produits sains.<\/li>\n<li>&nbsp;favoriser l\u2019\u00e9conomie circulaire et locale au moyen de regroupements d\u2019achats et de mise en relation avec des producteurs locaux.<\/li>\n<li>&nbsp;cr\u00e9er un espace convivial d\u2019\u00e9changes entre citoyens \u00e0 l\u2019occasion de ces manifestations.<\/li>\n<\/ul>\n\n\n<p>R\u00e9parer ensemble pour limiter les d\u00e9chets, c\u2019est l\u2019id\u00e9e des\n\u2018Repair Caf\u00e9\u2019. <\/p>\n\n\n\n<p>Les r\u00e8gles sont simples&nbsp;:\ngratuit, ouvert \u00e0 tous, on y r\u00e9pare tout (v\u00eatements, meubles, \u00e9lectrom\u00e9nager,\nbicyclettes, vaisselle, jouets\u2026) C\u2019est une occasion unique d\u2019apprendre en\n\u00e9changeant, de transmettre ou de recevoir un savoir-faire, avec l\u2019objectif de\nlimiter les objets mis au rebut.<\/p>\n\n\n\n<p>Une \u00e9quipe de r\u00e9parateurs\nb\u00e9n\u00e9voles, dot\u00e9s de comp\u00e9tences multiples en m\u00e9canique, \u00e9lectronique,\n\u00e9lectricit\u00e9, couture, travail du bois, remoulage est pr\u00e9sente pour accompagner\net guider les participants du public. <\/p>\n\n\n\n<p>Une fois par mois, dans une ambiance conviviale et interg\u00e9n\u00e9rationnelle, un <em>repair caf\u00e9<\/em> (caf\u00e9 de la r\u00e9paration) mais aussi un <em>Fablab<\/em> (laboratoire de fabrication) ax\u00e9 sur la protection de la biodiversit\u00e9 et le Z\u00e9ro D\u00e9chet-couture se c\u00f4toient. <\/p>\n\n\n\n<ul class=\"wp-block-list\"><li>Une \u00e9quipe de r\u00e9parateurs-r\u00e9paratrices d\u00e9monte,\nremonte et remet en \u00e9tat les objets \u00e9lectriques et \u00e9lectroniques en panne, tout\nen int\u00e9grant \u00e0 la r\u00e9paration le propri\u00e9taire de l\u2019objet. Au stand remoulage,\nles couteaux, s\u00e9cateurs et autres lames sont affut\u00e9s et repartent pour une\nnouvelle vie.<\/li><li>Une \u00e9quipe de bricoleurs-euses con\u00e7oit des abris\n\u00e0 insectes, des mangeoires \u00e0 oiseaux, des nichoirs en mat\u00e9riaux de r\u00e9cup\u00e9ration\n(bois, bambous, corde\u2026). <\/li><li>D\u2019autres b\u00e9n\u00e9voles retouchent les objets en\ntissu et les v\u00eatements ab\u00eem\u00e9s en papotant. Ils confectionnent des \u00e9ponges avec\ndes vieilles chaussettes et d\u2019autres objets dans une d\u00e9marche de r\u00e9utilisation et\nde z\u00e9ro d\u00e9chet. <\/li><\/ul>\n\n\n\n<p>La<strong> transmission du savoir-faire<\/strong> technique et manuel, le sentiment des comp\u00e9tences acquises sont des atouts majeurs de ce lieu de rencontre qui favorise le <strong>lien social et l\u2019interg\u00e9n\u00e9rationnel<\/strong>. Tous les \u00e2ges sont repr\u00e9sent\u00e9s. Les activit\u00e9s sont mixtes et d\u00e9cloisonn\u00e9es&nbsp;: on passe de l\u2019une \u00e0 l\u2019autre au cours d\u2019une m\u00eame s\u00e9ance. Lieu&nbsp;: un simple garage&nbsp;suffit.<\/p>\n\n\n\n<p>La <strong>convivialit\u00e9 et le partage<\/strong> sont privil\u00e9gi\u00e9s&nbsp;: d\u00e9gustation de boissons pr\u00e9par\u00e9es \u00e0 partir de plantes sauvages, partage des surplus de jardin (fruits, plantes aromatiques, bulbes de fleurs\u2026) entre les participants.<\/p>\n\n\n\n<p>La <strong>cr\u00e9ativit\u00e9 collective<\/strong> s\u2019exprime dans la recherche de solutions techniques pour diagnostiquer et r\u00e9parer, pour construire et d\u00e9tourner de son premier usage un objet de r\u00e9cup\u00e9ration.<\/p>\n\n\n\n<p class=\"has-dark-red-color has-text-color\">**Partage, \u00e9change, <strong>convivialit\u00e9, solidarit\u00e9<\/strong> entre les adh\u00e9rents et avec le public autour des r\u00e9parations. Des pauses bien m\u00e9rit\u00e9es ont lieu autour de boissons faites maison et de sp\u00e9cialit\u00e9s culinaires. <\/p>\n\n\n\n<p>**Renforce les liens entre les individus en <strong>travaillant ensemble<\/strong>, par la transmission du savoir-faire. Favorise le travail collectif.<\/p>\n\n\n\n<p class=\"has-dark-red-color has-text-color\">**<strong>Ouverture<\/strong>&nbsp;: la vari\u00e9t\u00e9 des ateliers et des activit\u00e9s propos\u00e9es aux petits et aux grands permet \u00e0 tous de trouver un centre d\u2019int\u00e9r\u00eat et de s\u2019ouvrir aux r\u00e9alisations des autres groupes.<\/p>\n\n\n\n<p>**Favorise <strong>l\u2019\u00e9conomie circulaire<\/strong> par l\u2019\u00e9change et l\u2019usage partag\u00e9 d\u2019outils et de mat\u00e9riel de r\u00e9paration.<\/p>\n\n\n\n<p class=\"has-dark-red-color has-text-color\">**Sensibilise aux <strong>changements<\/strong> de comportements li\u00e9s \u00e0 la consommation et \u00e0 l\u2019achat de produits neufs. <\/p>\n\n\n\n<p>**Sensibilise \u00e0 la <strong>r\u00e9cup\u00e9ration,<\/strong> \u00e0 la <strong>valorisation et \u00e0 la reconversion<\/strong> de ce qui est \u00e0 tort consid\u00e9r\u00e9 comme des d\u00e9chets<\/p>\n\n\n\n<p class=\"has-bright-blue-color has-white-background-color has-text-color has-background has-medium-font-size\"><strong><em>Bilan <\/em><\/strong>: <\/p>\n\n\n\n<p>Environ 120 objets apport\u00e9s au Repair caf\u00e9 par an, dont une centaine d&rsquo;objets r\u00e9par\u00e9s qui repr\u00e9sentent 220 kg d\u2019objets qui ont \u00e9vit\u00e9 la d\u00e9ch\u00e8terie, soit un taux de r\u00e9paration de 77%<\/p>\n\n\n\n<p>14 abris \u00e0 insectes, \u00e0 pipistrelles, \u00e0 chouettes et\nmangeoires \u00e0 oiseaux fabriqu\u00e9s et install\u00e9s.<\/p>\n\n\n\n<p>Entre 20 et 30 personnes du public \u00e0 chaque manifestation, en plus de la dizaine de b\u00e9n\u00e9voles pr\u00e9sents. Au total, une quinzaine de r\u00e9parateurs b\u00e9n\u00e9voles se relaient chaque mois.<\/p>\n\n\n\n<p>2 Caban\u2019adon [<em>Give Box<\/em>] fabriqu\u00e9es et install\u00e9es dans le village depuis mars 2019 : bilan tr\u00e8s positif. Les \u00ab\u00a0Cabanes\u00a0\u00bb fonctionnent \u00e0 plein r\u00e9gime.<\/p>\n\n\n\n<p>Le nombre de <strong>participants aux ateliers et aux <em>Repair Caf\u00e9<\/em> est en augmentation<\/strong>, beaucoup reviennent plusieurs fois car ils ont appr\u00e9ci\u00e9 l\u2019ambiance joyeuse et chaleureuse.  <\/p>\n\n\n\n<p>Un <strong>club d&rsquo;achat<\/strong> : ustensiles Z\u00e9ro d\u00e9chet (gourdes en inox&#8230;), cosm\u00e9tiques solides,  viande bio et locale, <\/p>\n\n\n\n<p>Des <strong>visites <\/strong>: Tiers-Lieu la Lendemaine, Centre ANTEIA (b\u00e2timent \u00e9cologique), Conservatoire Nationale des plantes m\u00e9dicinales et March\u00e9 aux Herboristes de Milly la For\u00eat, Huilerie de l&rsquo;Orme Creux,  PERSONNALI&rsquo;ZEN, le centre de tri et de valorisation des d\u00e9chets, des jardins naturels&#8230;<\/p>\n","protected":false},"excerpt":{"rendered":"<p>L\u2019association MILLE PERTUIS souhaite cr\u00e9er une dynamique collective pour : &nbsp;promouvoir des gestes \u00e9co-citoyens au moyen d\u2019\u00e9changes conviviaux, d\u2019ateliers, de stages, caf\u00e9 d\u00e9bat, caf\u00e9 de la r\u00e9paration et autres animations. &nbsp;sensibiliser \u00e0 l\u2019utilisation raisonn\u00e9e des ressources naturelles et locales, en favorisant la biodiversit\u00e9. &nbsp;proposer des solutions concr\u00e8tes pour diminuer l\u2019impact environnemental (d\u00e9chets, eau, \u00e9nergie\u2026) et &hellip; <a href=\"http:\/\/mille-pertuis.org\/?page_id=9\" class=\"more-link\">Continuer la lecture<span class=\"screen-reader-text\"> de &laquo;&nbsp;L&rsquo;esprit&nbsp;&raquo;<\/span><\/a><\/p>\n","protected":false},"author":2,"featured_media":0,"parent":0,"menu_order":0,"comment_status":"closed","ping_status":"closed","template":"","meta":{"footnotes":""},"class_list":["post-9","page","type-page","status-publish","hentry"],"yoast_head":"<!-- This site is optimized with the Yoast SEO plugin v27.4 - https:\/\/yoast.com\/product\/yoast-seo-wordpress\/ -->\n<title>L&#039;esprit - Mille-Pertuis<\/title>\n<meta name=\"robots\" content=\"index, follow, max-snippet:-1, max-image-preview:large, max-video-preview:-1\" \/>\n<link rel=\"canonical\" href=\"http:\/\/mille-pertuis.org\/?page_id=9\" \/>\n<meta property=\"og:locale\" content=\"fr_FR\" \/>\n<meta property=\"og:type\" content=\"article\" \/>\n<meta property=\"og:title\" content=\"L&#039;esprit - Mille-Pertuis\" \/>\n<meta property=\"og:description\" content=\"L\u2019association MILLE PERTUIS souhaite cr\u00e9er une dynamique collective pour : &nbsp;promouvoir des gestes \u00e9co-citoyens au moyen d\u2019\u00e9changes conviviaux, d\u2019ateliers, de stages, caf\u00e9 d\u00e9bat, caf\u00e9 de la r\u00e9paration et autres animations. &nbsp;sensibiliser \u00e0 l\u2019utilisation raisonn\u00e9e des ressources naturelles et locales, en favorisant la biodiversit\u00e9. &nbsp;proposer des solutions concr\u00e8tes pour diminuer l\u2019impact environnemental (d\u00e9chets, eau, \u00e9nergie\u2026) et &hellip; Continuer la lecture de &laquo;&nbsp;L&rsquo;esprit&nbsp;&raquo;\" \/>\n<meta property=\"og:url\" content=\"http:\/\/mille-pertuis.org\/?page_id=9\" \/>\n<meta property=\"og:site_name\" content=\"Mille-Pertuis\" \/>\n<meta property=\"article:modified_time\" content=\"2022-08-09T17:42:13+00:00\" \/>\n<meta name=\"twitter:card\" content=\"summary_large_image\" \/>\n<meta name=\"twitter:label1\" content=\"Dur\u00e9e de lecture estim\u00e9e\" \/>\n\t<meta name=\"twitter:data1\" content=\"4 minutes\" \/>\n<script type=\"application\/ld+json\" class=\"yoast-schema-graph\">{\"@context\":\"https:\\\/\\\/schema.org\",\"@graph\":[{\"@type\":\"WebPage\",\"@id\":\"http:\\\/\\\/mille-pertuis.org\\\/?page_id=9\",\"url\":\"http:\\\/\\\/mille-pertuis.org\\\/?page_id=9\",\"name\":\"L'esprit - Mille-Pertuis\",\"isPartOf\":{\"@id\":\"http:\\\/\\\/mille-pertuis.org\\\/#website\"},\"datePublished\":\"2018-10-23T15:13:48+00:00\",\"dateModified\":\"2022-08-09T17:42:13+00:00\",\"breadcrumb\":{\"@id\":\"http:\\\/\\\/mille-pertuis.org\\\/?page_id=9#breadcrumb\"},\"inLanguage\":\"fr-FR\",\"potentialAction\":[{\"@type\":\"ReadAction\",\"target\":[\"http:\\\/\\\/mille-pertuis.org\\\/?page_id=9\"]}]},{\"@type\":\"BreadcrumbList\",\"@id\":\"http:\\\/\\\/mille-pertuis.org\\\/?page_id=9#breadcrumb\",\"itemListElement\":[{\"@type\":\"ListItem\",\"position\":1,\"name\":\"Accueil\",\"item\":\"http:\\\/\\\/mille-pertuis.org\\\/\"},{\"@type\":\"ListItem\",\"position\":2,\"name\":\"L&rsquo;esprit\"}]},{\"@type\":\"WebSite\",\"@id\":\"http:\\\/\\\/mille-pertuis.org\\\/#website\",\"url\":\"http:\\\/\\\/mille-pertuis.org\\\/\",\"name\":\"Mille-Pertuis\",\"description\":\"1001 passerelles vers un mode de vie \u00e9cologique\",\"publisher\":{\"@id\":\"http:\\\/\\\/mille-pertuis.org\\\/#organization\"},\"potentialAction\":[{\"@type\":\"SearchAction\",\"target\":{\"@type\":\"EntryPoint\",\"urlTemplate\":\"http:\\\/\\\/mille-pertuis.org\\\/?s={search_term_string}\"},\"query-input\":{\"@type\":\"PropertyValueSpecification\",\"valueRequired\":true,\"valueName\":\"search_term_string\"}}],\"inLanguage\":\"fr-FR\"},{\"@type\":\"Organization\",\"@id\":\"http:\\\/\\\/mille-pertuis.org\\\/#organization\",\"name\":\"Mille-Pertuis\",\"url\":\"http:\\\/\\\/mille-pertuis.org\\\/\",\"logo\":{\"@type\":\"ImageObject\",\"inLanguage\":\"fr-FR\",\"@id\":\"http:\\\/\\\/mille-pertuis.org\\\/#\\\/schema\\\/logo\\\/image\\\/\",\"url\":\"http:\\\/\\\/mille-pertuis.org\\\/wp-content\\\/uploads\\\/2019\\\/12\\\/cropped-logo_ML_V2.0_COUL.jpg\",\"contentUrl\":\"http:\\\/\\\/mille-pertuis.org\\\/wp-content\\\/uploads\\\/2019\\\/12\\\/cropped-logo_ML_V2.0_COUL.jpg\",\"width\":240,\"height\":75,\"caption\":\"Mille-Pertuis\"},\"image\":{\"@id\":\"http:\\\/\\\/mille-pertuis.org\\\/#\\\/schema\\\/logo\\\/image\\\/\"}}]}<\/script>\n<!-- \/ Yoast SEO plugin. -->","yoast_head_json":{"title":"L'esprit - Mille-Pertuis","robots":{"index":"index","follow":"follow","max-snippet":"max-snippet:-1","max-image-preview":"max-image-preview:large","max-video-preview":"max-video-preview:-1"},"canonical":"http:\/\/mille-pertuis.org\/?page_id=9","og_locale":"fr_FR","og_type":"article","og_title":"L'esprit - Mille-Pertuis","og_description":"L\u2019association MILLE PERTUIS souhaite cr\u00e9er une dynamique collective pour : &nbsp;promouvoir des gestes \u00e9co-citoyens au moyen d\u2019\u00e9changes conviviaux, d\u2019ateliers, de stages, caf\u00e9 d\u00e9bat, caf\u00e9 de la r\u00e9paration et autres animations. &nbsp;sensibiliser \u00e0 l\u2019utilisation raisonn\u00e9e des ressources naturelles et locales, en favorisant la biodiversit\u00e9. &nbsp;proposer des solutions concr\u00e8tes pour diminuer l\u2019impact environnemental (d\u00e9chets, eau, \u00e9nergie\u2026) et &hellip; Continuer la lecture de &laquo;&nbsp;L&rsquo;esprit&nbsp;&raquo;","og_url":"http:\/\/mille-pertuis.org\/?page_id=9","og_site_name":"Mille-Pertuis","article_modified_time":"2022-08-09T17:42:13+00:00","twitter_card":"summary_large_image","twitter_misc":{"Dur\u00e9e de lecture estim\u00e9e":"4 minutes"},"schema":{"@context":"https:\/\/schema.org","@graph":[{"@type":"WebPage","@id":"http:\/\/mille-pertuis.org\/?page_id=9","url":"http:\/\/mille-pertuis.org\/?page_id=9","name":"L'esprit - Mille-Pertuis","isPartOf":{"@id":"http:\/\/mille-pertuis.org\/#website"},"datePublished":"2018-10-23T15:13:48+00:00","dateModified":"2022-08-09T17:42:13+00:00","breadcrumb":{"@id":"http:\/\/mille-pertuis.org\/?page_id=9#breadcrumb"},"inLanguage":"fr-FR","potentialAction":[{"@type":"ReadAction","target":["http:\/\/mille-pertuis.org\/?page_id=9"]}]},{"@type":"BreadcrumbList","@id":"http:\/\/mille-pertuis.org\/?page_id=9#breadcrumb","itemListElement":[{"@type":"ListItem","position":1,"name":"Accueil","item":"http:\/\/mille-pertuis.org\/"},{"@type":"ListItem","position":2,"name":"L&rsquo;esprit"}]},{"@type":"WebSite","@id":"http:\/\/mille-pertuis.org\/#website","url":"http:\/\/mille-pertuis.org\/","name":"Mille-Pertuis","description":"1001 passerelles vers un mode de vie \u00e9cologique","publisher":{"@id":"http:\/\/mille-pertuis.org\/#organization"},"potentialAction":[{"@type":"SearchAction","target":{"@type":"EntryPoint","urlTemplate":"http:\/\/mille-pertuis.org\/?s={search_term_string}"},"query-input":{"@type":"PropertyValueSpecification","valueRequired":true,"valueName":"search_term_string"}}],"inLanguage":"fr-FR"},{"@type":"Organization","@id":"http:\/\/mille-pertuis.org\/#organization","name":"Mille-Pertuis","url":"http:\/\/mille-pertuis.org\/","logo":{"@type":"ImageObject","inLanguage":"fr-FR","@id":"http:\/\/mille-pertuis.org\/#\/schema\/logo\/image\/","url":"http:\/\/mille-pertuis.org\/wp-content\/uploads\/2019\/12\/cropped-logo_ML_V2.0_COUL.jpg","contentUrl":"http:\/\/mille-pertuis.org\/wp-content\/uploads\/2019\/12\/cropped-logo_ML_V2.0_COUL.jpg","width":240,"height":75,"caption":"Mille-Pertuis"},"image":{"@id":"http:\/\/mille-pertuis.org\/#\/schema\/logo\/image\/"}}]}},"_links":{"self":[{"href":"http:\/\/mille-pertuis.org\/index.php?rest_route=\/wp\/v2\/pages\/9","targetHints":{"allow":["GET"]}}],"collection":[{"href":"http:\/\/mille-pertuis.org\/index.php?rest_route=\/wp\/v2\/pages"}],"about":[{"href":"http:\/\/mille-pertuis.org\/index.php?rest_route=\/wp\/v2\/types\/page"}],"author":[{"embeddable":true,"href":"http:\/\/mille-pertuis.org\/index.php?rest_route=\/wp\/v2\/users\/2"}],"replies":[{"embeddable":true,"href":"http:\/\/mille-pertuis.org\/index.php?rest_route=%2Fwp%2Fv2%2Fcomments&post=9"}],"version-history":[{"count":5,"href":"http:\/\/mille-pertuis.org\/index.php?rest_route=\/wp\/v2\/pages\/9\/revisions"}],"predecessor-version":[{"id":2284,"href":"http:\/\/mille-pertuis.org\/index.php?rest_route=\/wp\/v2\/pages\/9\/revisions\/2284"}],"wp:attachment":[{"href":"http:\/\/mille-pertuis.org\/index.php?rest_route=%2Fwp%2Fv2%2Fmedia&parent=9"}],"curies":[{"name":"wp","href":"https:\/\/api.w.org\/{rel}","templated":true}]}}