{"id":10,"date":"2018-10-23T17:13:48","date_gmt":"2018-10-23T15:13:48","guid":{"rendered":"https:\/\/mille-pertuis.org\/?page_id=10"},"modified":"2025-08-10T15:22:26","modified_gmt":"2025-08-10T13:22:26","slug":"infos-pratiques","status":"publish","type":"page","link":"https:\/\/mille-pertuis.org\/?page_id=10","title":{"rendered":"INFOS PRATIQUES"},"content":{"rendered":"\n<p class=\"has-large-font-size\">Programme 2025-2026<\/p>\n\n\n\n<p><a href=\"http:\/\/mille-pertuis.org\/wp-content\/uploads\/2025\/08\/programme_Mille-Pertuis_2025-26.pdf\">programme complet et tarifs Mille-Pertuis <\/a><\/p>\n\n\n\n<p><a href=\"http:\/\/mille-pertuis.org\/wp-content\/uploads\/2025\/08\/calendrier-MPaffichable2025-26.pdf\">calendrier des activit\u00e9s<\/a><\/p>\n\n\n\n<p><a href=\"http:\/\/mille-pertuis.org\/wp-content\/uploads\/2025\/08\/planning2025-2026-RC_91.jpg\">planning d\u00e9taill\u00e9 des <em>Repair Cafe<\/em><\/a><\/p>\n\n\n\n<p><\/p>\n\n\n\n<p class=\"has-large-font-size\">Adh\u00e9sion en ligne via <a href=\"https:\/\/www.helloasso.com\/associations\/mille-pertuis\/adhesions\/adhesion-annuelle-2\/widget\">Helloasso<\/a><\/p>\n\n\n\n<p class=\"has-large-font-size\">ou bulletin d&rsquo;adh\u00e9sion \u00e0 imprimer :<\/p>\n\n\n\n<p><a href=\"http:\/\/mille-pertuis.org\/wp-content\/uploads\/2025\/08\/bulletin-adhesion2025-26.pdf\">bulletin d&rsquo;adh\u00e9sion \u00e0 l&rsquo;association<\/a><\/p>\n\n\n\n<p>et \u00e0 envoyer \u00e0 l&rsquo;a<strong>dresse postale <\/strong>suivante : association Mille-Pertuis<\/p>\n\n\n\n<p>1, place de la mairie, 91640 Fontenay-l\u00e8s-Briis<br><\/p>\n","protected":false},"excerpt":{"rendered":"<p>Programme 2025-2026 programme complet et tarifs Mille-Pertuis calendrier des activit\u00e9s planning d\u00e9taill\u00e9 des Repair Cafe Adh\u00e9sion en ligne via Helloasso ou bulletin d&rsquo;adh\u00e9sion \u00e0 imprimer : bulletin d&rsquo;adh\u00e9sion \u00e0 l&rsquo;association et \u00e0 envoyer \u00e0 l&rsquo;adresse postale suivante : association Mille-Pertuis 1, place de la mairie, 91640 Fontenay-l\u00e8s-Briis<\/p>\n","protected":false},"author":2,"featured_media":0,"parent":0,"menu_order":0,"comment_status":"closed","ping_status":"closed","template":"","meta":{"footnotes":""},"class_list":["post-10","page","type-page","status-publish","hentry"],"yoast_head":"<!-- This site is optimized with the Yoast SEO plugin v27.5 - https:\/\/yoast.com\/product\/yoast-seo-wordpress\/ -->\n<title>INFOS PRATIQUES - Mille-Pertuis<\/title>\n<meta name=\"robots\" content=\"index, follow, max-snippet:-1, max-image-preview:large, max-video-preview:-1\" \/>\n<link rel=\"canonical\" href=\"https:\/\/mille-pertuis.org\/?page_id=10\" \/>\n<meta property=\"og:locale\" content=\"fr_FR\" \/>\n<meta property=\"og:type\" content=\"article\" \/>\n<meta property=\"og:title\" content=\"INFOS PRATIQUES - Mille-Pertuis\" \/>\n<meta property=\"og:description\" content=\"Programme 2025-2026 programme complet et tarifs Mille-Pertuis calendrier des activit\u00e9s planning d\u00e9taill\u00e9 des Repair Cafe Adh\u00e9sion en ligne via Helloasso ou bulletin d&rsquo;adh\u00e9sion \u00e0 imprimer : bulletin d&rsquo;adh\u00e9sion \u00e0 l&rsquo;association et \u00e0 envoyer \u00e0 l&rsquo;adresse postale suivante : association Mille-Pertuis 1, place de la mairie, 91640 Fontenay-l\u00e8s-Briis\" \/>\n<meta property=\"og:url\" content=\"https:\/\/mille-pertuis.org\/?page_id=10\" \/>\n<meta property=\"og:site_name\" content=\"Mille-Pertuis\" \/>\n<meta property=\"article:modified_time\" content=\"2025-08-10T13:22:26+00:00\" \/>\n<meta name=\"twitter:card\" content=\"summary_large_image\" \/>\n<meta name=\"twitter:label1\" content=\"Dur\u00e9e de lecture estim\u00e9e\" \/>\n\t<meta name=\"twitter:data1\" content=\"1 minute\" \/>\n<script type=\"application\/ld+json\" class=\"yoast-schema-graph\">{\"@context\":\"https:\\\/\\\/schema.org\",\"@graph\":[{\"@type\":\"WebPage\",\"@id\":\"https:\\\/\\\/mille-pertuis.org\\\/?page_id=10\",\"url\":\"https:\\\/\\\/mille-pertuis.org\\\/?page_id=10\",\"name\":\"INFOS PRATIQUES - Mille-Pertuis\",\"isPartOf\":{\"@id\":\"http:\\\/\\\/mille-pertuis.org\\\/#website\"},\"datePublished\":\"2018-10-23T15:13:48+00:00\",\"dateModified\":\"2025-08-10T13:22:26+00:00\",\"breadcrumb\":{\"@id\":\"https:\\\/\\\/mille-pertuis.org\\\/?page_id=10#breadcrumb\"},\"inLanguage\":\"fr-FR\",\"potentialAction\":[{\"@type\":\"ReadAction\",\"target\":[\"https:\\\/\\\/mille-pertuis.org\\\/?page_id=10\"]}]},{\"@type\":\"BreadcrumbList\",\"@id\":\"https:\\\/\\\/mille-pertuis.org\\\/?page_id=10#breadcrumb\",\"itemListElement\":[{\"@type\":\"ListItem\",\"position\":1,\"name\":\"Accueil\",\"item\":\"http:\\\/\\\/mille-pertuis.org\\\/\"},{\"@type\":\"ListItem\",\"position\":2,\"name\":\"INFOS PRATIQUES\"}]},{\"@type\":\"WebSite\",\"@id\":\"http:\\\/\\\/mille-pertuis.org\\\/#website\",\"url\":\"http:\\\/\\\/mille-pertuis.org\\\/\",\"name\":\"Mille-Pertuis\",\"description\":\"1001 passerelles vers un mode de vie \u00e9cologique\",\"publisher\":{\"@id\":\"http:\\\/\\\/mille-pertuis.org\\\/#organization\"},\"potentialAction\":[{\"@type\":\"SearchAction\",\"target\":{\"@type\":\"EntryPoint\",\"urlTemplate\":\"http:\\\/\\\/mille-pertuis.org\\\/?s={search_term_string}\"},\"query-input\":{\"@type\":\"PropertyValueSpecification\",\"valueRequired\":true,\"valueName\":\"search_term_string\"}}],\"inLanguage\":\"fr-FR\"},{\"@type\":\"Organization\",\"@id\":\"http:\\\/\\\/mille-pertuis.org\\\/#organization\",\"name\":\"Mille-Pertuis\",\"url\":\"http:\\\/\\\/mille-pertuis.org\\\/\",\"logo\":{\"@type\":\"ImageObject\",\"inLanguage\":\"fr-FR\",\"@id\":\"http:\\\/\\\/mille-pertuis.org\\\/#\\\/schema\\\/logo\\\/image\\\/\",\"url\":\"https:\\\/\\\/mille-pertuis.org\\\/wp-content\\\/uploads\\\/2019\\\/12\\\/cropped-logo_ML_V2.0_COUL.jpg\",\"contentUrl\":\"https:\\\/\\\/mille-pertuis.org\\\/wp-content\\\/uploads\\\/2019\\\/12\\\/cropped-logo_ML_V2.0_COUL.jpg\",\"width\":240,\"height\":75,\"caption\":\"Mille-Pertuis\"},\"image\":{\"@id\":\"http:\\\/\\\/mille-pertuis.org\\\/#\\\/schema\\\/logo\\\/image\\\/\"}}]}<\/script>\n<!-- \/ Yoast SEO plugin. -->","yoast_head_json":{"title":"INFOS PRATIQUES - Mille-Pertuis","robots":{"index":"index","follow":"follow","max-snippet":"max-snippet:-1","max-image-preview":"max-image-preview:large","max-video-preview":"max-video-preview:-1"},"canonical":"https:\/\/mille-pertuis.org\/?page_id=10","og_locale":"fr_FR","og_type":"article","og_title":"INFOS PRATIQUES - Mille-Pertuis","og_description":"Programme 2025-2026 programme complet et tarifs Mille-Pertuis calendrier des activit\u00e9s planning d\u00e9taill\u00e9 des Repair Cafe Adh\u00e9sion en ligne via Helloasso ou bulletin d&rsquo;adh\u00e9sion \u00e0 imprimer : bulletin d&rsquo;adh\u00e9sion \u00e0 l&rsquo;association et \u00e0 envoyer \u00e0 l&rsquo;adresse postale suivante : association Mille-Pertuis 1, place de la mairie, 91640 Fontenay-l\u00e8s-Briis","og_url":"https:\/\/mille-pertuis.org\/?page_id=10","og_site_name":"Mille-Pertuis","article_modified_time":"2025-08-10T13:22:26+00:00","twitter_card":"summary_large_image","twitter_misc":{"Dur\u00e9e de lecture estim\u00e9e":"1 minute"},"schema":{"@context":"https:\/\/schema.org","@graph":[{"@type":"WebPage","@id":"https:\/\/mille-pertuis.org\/?page_id=10","url":"https:\/\/mille-pertuis.org\/?page_id=10","name":"INFOS PRATIQUES - Mille-Pertuis","isPartOf":{"@id":"http:\/\/mille-pertuis.org\/#website"},"datePublished":"2018-10-23T15:13:48+00:00","dateModified":"2025-08-10T13:22:26+00:00","breadcrumb":{"@id":"https:\/\/mille-pertuis.org\/?page_id=10#breadcrumb"},"inLanguage":"fr-FR","potentialAction":[{"@type":"ReadAction","target":["https:\/\/mille-pertuis.org\/?page_id=10"]}]},{"@type":"BreadcrumbList","@id":"https:\/\/mille-pertuis.org\/?page_id=10#breadcrumb","itemListElement":[{"@type":"ListItem","position":1,"name":"Accueil","item":"http:\/\/mille-pertuis.org\/"},{"@type":"ListItem","position":2,"name":"INFOS PRATIQUES"}]},{"@type":"WebSite","@id":"http:\/\/mille-pertuis.org\/#website","url":"http:\/\/mille-pertuis.org\/","name":"Mille-Pertuis","description":"1001 passerelles vers un mode de vie \u00e9cologique","publisher":{"@id":"http:\/\/mille-pertuis.org\/#organization"},"potentialAction":[{"@type":"SearchAction","target":{"@type":"EntryPoint","urlTemplate":"http:\/\/mille-pertuis.org\/?s={search_term_string}"},"query-input":{"@type":"PropertyValueSpecification","valueRequired":true,"valueName":"search_term_string"}}],"inLanguage":"fr-FR"},{"@type":"Organization","@id":"http:\/\/mille-pertuis.org\/#organization","name":"Mille-Pertuis","url":"http:\/\/mille-pertuis.org\/","logo":{"@type":"ImageObject","inLanguage":"fr-FR","@id":"http:\/\/mille-pertuis.org\/#\/schema\/logo\/image\/","url":"https:\/\/mille-pertuis.org\/wp-content\/uploads\/2019\/12\/cropped-logo_ML_V2.0_COUL.jpg","contentUrl":"https:\/\/mille-pertuis.org\/wp-content\/uploads\/2019\/12\/cropped-logo_ML_V2.0_COUL.jpg","width":240,"height":75,"caption":"Mille-Pertuis"},"image":{"@id":"http:\/\/mille-pertuis.org\/#\/schema\/logo\/image\/"}}]}},"_links":{"self":[{"href":"https:\/\/mille-pertuis.org\/index.php?rest_route=\/wp\/v2\/pages\/10","targetHints":{"allow":["GET"]}}],"collection":[{"href":"https:\/\/mille-pertuis.org\/index.php?rest_route=\/wp\/v2\/pages"}],"about":[{"href":"https:\/\/mille-pertuis.org\/index.php?rest_route=\/wp\/v2\/types\/page"}],"author":[{"embeddable":true,"href":"https:\/\/mille-pertuis.org\/index.php?rest_route=\/wp\/v2\/users\/2"}],"replies":[{"embeddable":true,"href":"https:\/\/mille-pertuis.org\/index.php?rest_route=%2Fwp%2Fv2%2Fcomments&post=10"}],"version-history":[{"count":5,"href":"https:\/\/mille-pertuis.org\/index.php?rest_route=\/wp\/v2\/pages\/10\/revisions"}],"predecessor-version":[{"id":3548,"href":"https:\/\/mille-pertuis.org\/index.php?rest_route=\/wp\/v2\/pages\/10\/revisions\/3548"}],"wp:attachment":[{"href":"https:\/\/mille-pertuis.org\/index.php?rest_route=%2Fwp%2Fv2%2Fmedia&parent=10"}],"curies":[{"name":"wp","href":"https:\/\/api.w.org\/{rel}","templated":true}]}}