{"id":1687,"date":"2021-06-14T23:37:08","date_gmt":"2021-06-14T21:37:08","guid":{"rendered":"https:\/\/mille-pertuis.org\/?page_id=1687"},"modified":"2022-05-16T14:27:59","modified_gmt":"2022-05-16T12:27:59","slug":"atelier-produits-dentretien","status":"publish","type":"page","link":"https:\/\/mille-pertuis.org\/?page_id=1687","title":{"rendered":"Atelier produits d\u2019entretien"},"content":{"rendered":"\n<figure class=\"wp-block-image size-large\"><img loading=\"lazy\" decoding=\"async\" width=\"715\" height=\"493\" src=\"http:\/\/mille-pertuis.org\/wp-content\/uploads\/2021\/06\/Produits-menagers.png\" alt=\"\" class=\"wp-image-1679\" srcset=\"https:\/\/mille-pertuis.org\/wp-content\/uploads\/2021\/06\/Produits-menagers.png 715w, https:\/\/mille-pertuis.org\/wp-content\/uploads\/2021\/06\/Produits-menagers-300x207.png 300w\" sizes=\"auto, (max-width: 715px) 85vw, 715px\" \/><\/figure>\n\n\n\n<figure class=\"wp-block-image size-full\"><img decoding=\"async\" src=\"http:\/\/mille-pertuis.org\/wp-content\/uploads\/2022\/05\/3vinaigres.jpg\" alt=\"\" class=\"wp-image-2201\"\/><figcaption>3 vinaigres blancs aromatis\u00e9s au citron, \u00e0 la lavande, au romarin<\/figcaption><\/figure>\n\n\n\n<figure class=\"wp-block-image size-large is-resized\"><img loading=\"lazy\" decoding=\"async\" src=\"http:\/\/mille-pertuis.org\/wp-content\/uploads\/2022\/05\/menage-classiqueRedim-1024x683.jpg\" alt=\"\" class=\"wp-image-2202\" width=\"630\" height=\"420\"\/><figcaption>Un cas concret de produits d&rsquo;entretien industriels qui encombrent les placards<\/figcaption><\/figure>\n\n\n\n<figure class=\"wp-block-image size-large\"><img decoding=\"async\" src=\"http:\/\/mille-pertuis.org\/wp-content\/uploads\/2022\/05\/menageZeroDechetredim-1024x683.jpg\" alt=\"\" class=\"wp-image-2203\"\/><figcaption>Le minimalisme accompagne n\u00e9cessairement la d\u00e9marche Z\u00e9ro D\u00e9chet&#8230;<\/figcaption><\/figure>\n","protected":false},"excerpt":{"rendered":"","protected":false},"author":2,"featured_media":0,"parent":0,"menu_order":0,"comment_status":"closed","ping_status":"closed","template":"","meta":{"footnotes":""},"class_list":["post-1687","page","type-page","status-publish","hentry"],"yoast_head":"<!-- This site is optimized with the Yoast SEO plugin v27.4 - https:\/\/yoast.com\/product\/yoast-seo-wordpress\/ -->\n<title>Atelier produits d\u2019entretien - Mille-Pertuis<\/title>\n<meta name=\"robots\" content=\"index, follow, max-snippet:-1, max-image-preview:large, max-video-preview:-1\" \/>\n<link rel=\"canonical\" href=\"https:\/\/mille-pertuis.org\/?page_id=1687\" \/>\n<meta property=\"og:locale\" content=\"fr_FR\" \/>\n<meta property=\"og:type\" content=\"article\" \/>\n<meta property=\"og:title\" content=\"Atelier produits d\u2019entretien - Mille-Pertuis\" \/>\n<meta property=\"og:url\" content=\"https:\/\/mille-pertuis.org\/?page_id=1687\" \/>\n<meta property=\"og:site_name\" content=\"Mille-Pertuis\" \/>\n<meta property=\"article:modified_time\" content=\"2022-05-16T12:27:59+00:00\" \/>\n<meta property=\"og:image\" content=\"http:\/\/mille-pertuis.org\/wp-content\/uploads\/2021\/06\/Produits-menagers.png\" \/>\n<meta name=\"twitter:card\" content=\"summary_large_image\" \/>\n<meta name=\"twitter:label1\" content=\"Dur\u00e9e de lecture estim\u00e9e\" \/>\n\t<meta name=\"twitter:data1\" content=\"1 minute\" \/>\n<script type=\"application\/ld+json\" class=\"yoast-schema-graph\">{\"@context\":\"https:\\\/\\\/schema.org\",\"@graph\":[{\"@type\":\"WebPage\",\"@id\":\"https:\\\/\\\/mille-pertuis.org\\\/?page_id=1687\",\"url\":\"https:\\\/\\\/mille-pertuis.org\\\/?page_id=1687\",\"name\":\"Atelier produits d\u2019entretien - Mille-Pertuis\",\"isPartOf\":{\"@id\":\"http:\\\/\\\/mille-pertuis.org\\\/#website\"},\"primaryImageOfPage\":{\"@id\":\"https:\\\/\\\/mille-pertuis.org\\\/?page_id=1687#primaryimage\"},\"image\":{\"@id\":\"https:\\\/\\\/mille-pertuis.org\\\/?page_id=1687#primaryimage\"},\"thumbnailUrl\":\"http:\\\/\\\/mille-pertuis.org\\\/wp-content\\\/uploads\\\/2021\\\/06\\\/Produits-menagers.png\",\"datePublished\":\"2021-06-14T21:37:08+00:00\",\"dateModified\":\"2022-05-16T12:27:59+00:00\",\"breadcrumb\":{\"@id\":\"https:\\\/\\\/mille-pertuis.org\\\/?page_id=1687#breadcrumb\"},\"inLanguage\":\"fr-FR\",\"potentialAction\":[{\"@type\":\"ReadAction\",\"target\":[\"https:\\\/\\\/mille-pertuis.org\\\/?page_id=1687\"]}]},{\"@type\":\"ImageObject\",\"inLanguage\":\"fr-FR\",\"@id\":\"https:\\\/\\\/mille-pertuis.org\\\/?page_id=1687#primaryimage\",\"url\":\"https:\\\/\\\/mille-pertuis.org\\\/wp-content\\\/uploads\\\/2021\\\/06\\\/Produits-menagers.png\",\"contentUrl\":\"https:\\\/\\\/mille-pertuis.org\\\/wp-content\\\/uploads\\\/2021\\\/06\\\/Produits-menagers.png\",\"width\":715,\"height\":493},{\"@type\":\"BreadcrumbList\",\"@id\":\"https:\\\/\\\/mille-pertuis.org\\\/?page_id=1687#breadcrumb\",\"itemListElement\":[{\"@type\":\"ListItem\",\"position\":1,\"name\":\"Accueil\",\"item\":\"http:\\\/\\\/mille-pertuis.org\\\/\"},{\"@type\":\"ListItem\",\"position\":2,\"name\":\"Atelier produits d\u2019entretien\"}]},{\"@type\":\"WebSite\",\"@id\":\"http:\\\/\\\/mille-pertuis.org\\\/#website\",\"url\":\"http:\\\/\\\/mille-pertuis.org\\\/\",\"name\":\"Mille-Pertuis\",\"description\":\"1001 passerelles vers un mode de vie \u00e9cologique\",\"publisher\":{\"@id\":\"http:\\\/\\\/mille-pertuis.org\\\/#organization\"},\"potentialAction\":[{\"@type\":\"SearchAction\",\"target\":{\"@type\":\"EntryPoint\",\"urlTemplate\":\"http:\\\/\\\/mille-pertuis.org\\\/?s={search_term_string}\"},\"query-input\":{\"@type\":\"PropertyValueSpecification\",\"valueRequired\":true,\"valueName\":\"search_term_string\"}}],\"inLanguage\":\"fr-FR\"},{\"@type\":\"Organization\",\"@id\":\"http:\\\/\\\/mille-pertuis.org\\\/#organization\",\"name\":\"Mille-Pertuis\",\"url\":\"http:\\\/\\\/mille-pertuis.org\\\/\",\"logo\":{\"@type\":\"ImageObject\",\"inLanguage\":\"fr-FR\",\"@id\":\"http:\\\/\\\/mille-pertuis.org\\\/#\\\/schema\\\/logo\\\/image\\\/\",\"url\":\"https:\\\/\\\/mille-pertuis.org\\\/wp-content\\\/uploads\\\/2019\\\/12\\\/cropped-logo_ML_V2.0_COUL.jpg\",\"contentUrl\":\"https:\\\/\\\/mille-pertuis.org\\\/wp-content\\\/uploads\\\/2019\\\/12\\\/cropped-logo_ML_V2.0_COUL.jpg\",\"width\":240,\"height\":75,\"caption\":\"Mille-Pertuis\"},\"image\":{\"@id\":\"http:\\\/\\\/mille-pertuis.org\\\/#\\\/schema\\\/logo\\\/image\\\/\"}}]}<\/script>\n<!-- \/ Yoast SEO plugin. -->","yoast_head_json":{"title":"Atelier produits d\u2019entretien - Mille-Pertuis","robots":{"index":"index","follow":"follow","max-snippet":"max-snippet:-1","max-image-preview":"max-image-preview:large","max-video-preview":"max-video-preview:-1"},"canonical":"https:\/\/mille-pertuis.org\/?page_id=1687","og_locale":"fr_FR","og_type":"article","og_title":"Atelier produits d\u2019entretien - Mille-Pertuis","og_url":"https:\/\/mille-pertuis.org\/?page_id=1687","og_site_name":"Mille-Pertuis","article_modified_time":"2022-05-16T12:27:59+00:00","og_image":[{"url":"http:\/\/mille-pertuis.org\/wp-content\/uploads\/2021\/06\/Produits-menagers.png","type":"","width":"","height":""}],"twitter_card":"summary_large_image","twitter_misc":{"Dur\u00e9e de lecture estim\u00e9e":"1 minute"},"schema":{"@context":"https:\/\/schema.org","@graph":[{"@type":"WebPage","@id":"https:\/\/mille-pertuis.org\/?page_id=1687","url":"https:\/\/mille-pertuis.org\/?page_id=1687","name":"Atelier produits d\u2019entretien - Mille-Pertuis","isPartOf":{"@id":"http:\/\/mille-pertuis.org\/#website"},"primaryImageOfPage":{"@id":"https:\/\/mille-pertuis.org\/?page_id=1687#primaryimage"},"image":{"@id":"https:\/\/mille-pertuis.org\/?page_id=1687#primaryimage"},"thumbnailUrl":"http:\/\/mille-pertuis.org\/wp-content\/uploads\/2021\/06\/Produits-menagers.png","datePublished":"2021-06-14T21:37:08+00:00","dateModified":"2022-05-16T12:27:59+00:00","breadcrumb":{"@id":"https:\/\/mille-pertuis.org\/?page_id=1687#breadcrumb"},"inLanguage":"fr-FR","potentialAction":[{"@type":"ReadAction","target":["https:\/\/mille-pertuis.org\/?page_id=1687"]}]},{"@type":"ImageObject","inLanguage":"fr-FR","@id":"https:\/\/mille-pertuis.org\/?page_id=1687#primaryimage","url":"https:\/\/mille-pertuis.org\/wp-content\/uploads\/2021\/06\/Produits-menagers.png","contentUrl":"https:\/\/mille-pertuis.org\/wp-content\/uploads\/2021\/06\/Produits-menagers.png","width":715,"height":493},{"@type":"BreadcrumbList","@id":"https:\/\/mille-pertuis.org\/?page_id=1687#breadcrumb","itemListElement":[{"@type":"ListItem","position":1,"name":"Accueil","item":"http:\/\/mille-pertuis.org\/"},{"@type":"ListItem","position":2,"name":"Atelier produits d\u2019entretien"}]},{"@type":"WebSite","@id":"http:\/\/mille-pertuis.org\/#website","url":"http:\/\/mille-pertuis.org\/","name":"Mille-Pertuis","description":"1001 passerelles vers un mode de vie \u00e9cologique","publisher":{"@id":"http:\/\/mille-pertuis.org\/#organization"},"potentialAction":[{"@type":"SearchAction","target":{"@type":"EntryPoint","urlTemplate":"http:\/\/mille-pertuis.org\/?s={search_term_string}"},"query-input":{"@type":"PropertyValueSpecification","valueRequired":true,"valueName":"search_term_string"}}],"inLanguage":"fr-FR"},{"@type":"Organization","@id":"http:\/\/mille-pertuis.org\/#organization","name":"Mille-Pertuis","url":"http:\/\/mille-pertuis.org\/","logo":{"@type":"ImageObject","inLanguage":"fr-FR","@id":"http:\/\/mille-pertuis.org\/#\/schema\/logo\/image\/","url":"https:\/\/mille-pertuis.org\/wp-content\/uploads\/2019\/12\/cropped-logo_ML_V2.0_COUL.jpg","contentUrl":"https:\/\/mille-pertuis.org\/wp-content\/uploads\/2019\/12\/cropped-logo_ML_V2.0_COUL.jpg","width":240,"height":75,"caption":"Mille-Pertuis"},"image":{"@id":"http:\/\/mille-pertuis.org\/#\/schema\/logo\/image\/"}}]}},"_links":{"self":[{"href":"https:\/\/mille-pertuis.org\/index.php?rest_route=\/wp\/v2\/pages\/1687","targetHints":{"allow":["GET"]}}],"collection":[{"href":"https:\/\/mille-pertuis.org\/index.php?rest_route=\/wp\/v2\/pages"}],"about":[{"href":"https:\/\/mille-pertuis.org\/index.php?rest_route=\/wp\/v2\/types\/page"}],"author":[{"embeddable":true,"href":"https:\/\/mille-pertuis.org\/index.php?rest_route=\/wp\/v2\/users\/2"}],"replies":[{"embeddable":true,"href":"https:\/\/mille-pertuis.org\/index.php?rest_route=%2Fwp%2Fv2%2Fcomments&post=1687"}],"version-history":[{"count":2,"href":"https:\/\/mille-pertuis.org\/index.php?rest_route=\/wp\/v2\/pages\/1687\/revisions"}],"predecessor-version":[{"id":2205,"href":"https:\/\/mille-pertuis.org\/index.php?rest_route=\/wp\/v2\/pages\/1687\/revisions\/2205"}],"wp:attachment":[{"href":"https:\/\/mille-pertuis.org\/index.php?rest_route=%2Fwp%2Fv2%2Fmedia&parent=1687"}],"curies":[{"name":"wp","href":"https:\/\/api.w.org\/{rel}","templated":true}]}}