{"id":771,"date":"2020-01-05T19:09:22","date_gmt":"2020-01-05T18:09:22","guid":{"rendered":"https:\/\/mille-pertuis.org\/?page_id=771"},"modified":"2022-03-29T16:45:29","modified_gmt":"2022-03-29T14:45:29","slug":"grainotheque","status":"publish","type":"page","link":"https:\/\/mille-pertuis.org\/?page_id=771","title":{"rendered":"Grainoth\u00e8que"},"content":{"rendered":"\n<p>Vous pouvez \u00e9changer vos graines lors des <em>Repair Caf\u00e9<\/em><\/p>\n\n\n\n<figure class=\"wp-block-image size-large\"><img decoding=\"async\" src=\"http:\/\/mille-pertuis.org\/wp-content\/uploads\/2022\/03\/GrainothequeRC-768x1024.jpg\" alt=\"\" class=\"wp-image-2070\"\/><\/figure>\n\n\n\n<figure class=\"wp-block-image size-large\"><img decoding=\"async\" src=\"http:\/\/mille-pertuis.org\/wp-content\/uploads\/2020\/03\/GrainothequeAlaMediatheque2-768x1024.jpg\" alt=\"\" class=\"wp-image-1060\"\/><\/figure>\n\n\n\n<figure class=\"wp-block-image size-large is-resized\"><img loading=\"lazy\" decoding=\"async\" src=\"http:\/\/mille-pertuis.org\/wp-content\/uploads\/2020\/03\/affiche-insectes-pollinisateurs-1024x576.jpg\" alt=\"\" class=\"wp-image-996\" width=\"704\" height=\"396\" srcset=\"https:\/\/mille-pertuis.org\/wp-content\/uploads\/2020\/03\/affiche-insectes-pollinisateurs-1024x576.jpg 1024w, https:\/\/mille-pertuis.org\/wp-content\/uploads\/2020\/03\/affiche-insectes-pollinisateurs-300x169.jpg 300w, https:\/\/mille-pertuis.org\/wp-content\/uploads\/2020\/03\/affiche-insectes-pollinisateurs-768x432.jpg 768w, https:\/\/mille-pertuis.org\/wp-content\/uploads\/2020\/03\/affiche-insectes-pollinisateurs-1200x675.jpg 1200w, https:\/\/mille-pertuis.org\/wp-content\/uploads\/2020\/03\/affiche-insectes-pollinisateurs.jpg 1280w\" sizes=\"auto, (max-width: 704px) 85vw, 704px\" \/><\/figure>\n\n\n\n<figure class=\"wp-block-image size-large\"><img loading=\"lazy\" decoding=\"async\" width=\"644\" height=\"646\" src=\"http:\/\/mille-pertuis.org\/wp-content\/uploads\/2020\/03\/sachet-graine.jpg\" alt=\"\" class=\"wp-image-1007\" srcset=\"https:\/\/mille-pertuis.org\/wp-content\/uploads\/2020\/03\/sachet-graine.jpg 644w, https:\/\/mille-pertuis.org\/wp-content\/uploads\/2020\/03\/sachet-graine-300x300.jpg 300w, https:\/\/mille-pertuis.org\/wp-content\/uploads\/2020\/03\/sachet-graine-150x150.jpg 150w\" sizes=\"auto, (max-width: 644px) 85vw, 644px\" \/><figcaption>Pochette vierge pour confectionner un sachet de graines en pliage<\/figcaption><\/figure>\n","protected":false},"excerpt":{"rendered":"<p>Vous pouvez \u00e9changer vos graines lors des Repair Caf\u00e9<\/p>\n","protected":false},"author":2,"featured_media":0,"parent":0,"menu_order":0,"comment_status":"closed","ping_status":"closed","template":"","meta":{"footnotes":""},"class_list":["post-771","page","type-page","status-publish","hentry"],"yoast_head":"<!-- This site is optimized with the Yoast SEO plugin v27.4 - https:\/\/yoast.com\/product\/yoast-seo-wordpress\/ -->\n<title>Grainoth\u00e8que - Mille-Pertuis<\/title>\n<meta name=\"robots\" content=\"index, follow, max-snippet:-1, max-image-preview:large, max-video-preview:-1\" \/>\n<link rel=\"canonical\" href=\"http:\/\/mille-pertuis.org\/?page_id=771\" \/>\n<meta property=\"og:locale\" content=\"fr_FR\" \/>\n<meta property=\"og:type\" content=\"article\" \/>\n<meta property=\"og:title\" content=\"Grainoth\u00e8que - Mille-Pertuis\" \/>\n<meta property=\"og:description\" content=\"Vous pouvez \u00e9changer vos graines lors des Repair Caf\u00e9\" \/>\n<meta property=\"og:url\" content=\"http:\/\/mille-pertuis.org\/?page_id=771\" \/>\n<meta property=\"og:site_name\" content=\"Mille-Pertuis\" \/>\n<meta property=\"article:modified_time\" content=\"2022-03-29T14:45:29+00:00\" \/>\n<meta property=\"og:image\" content=\"http:\/\/mille-pertuis.org\/wp-content\/uploads\/2022\/03\/GrainothequeRC-768x1024.jpg\" \/>\n<meta name=\"twitter:card\" content=\"summary_large_image\" \/>\n<meta name=\"twitter:label1\" content=\"Dur\u00e9e de lecture estim\u00e9e\" \/>\n\t<meta name=\"twitter:data1\" content=\"1 minute\" \/>\n<script type=\"application\/ld+json\" class=\"yoast-schema-graph\">{\"@context\":\"https:\\\/\\\/schema.org\",\"@graph\":[{\"@type\":\"WebPage\",\"@id\":\"http:\\\/\\\/mille-pertuis.org\\\/?page_id=771\",\"url\":\"http:\\\/\\\/mille-pertuis.org\\\/?page_id=771\",\"name\":\"Grainoth\u00e8que - Mille-Pertuis\",\"isPartOf\":{\"@id\":\"http:\\\/\\\/mille-pertuis.org\\\/#website\"},\"primaryImageOfPage\":{\"@id\":\"http:\\\/\\\/mille-pertuis.org\\\/?page_id=771#primaryimage\"},\"image\":{\"@id\":\"http:\\\/\\\/mille-pertuis.org\\\/?page_id=771#primaryimage\"},\"thumbnailUrl\":\"http:\\\/\\\/mille-pertuis.org\\\/wp-content\\\/uploads\\\/2022\\\/03\\\/GrainothequeRC-768x1024.jpg\",\"datePublished\":\"2020-01-05T18:09:22+00:00\",\"dateModified\":\"2022-03-29T14:45:29+00:00\",\"breadcrumb\":{\"@id\":\"http:\\\/\\\/mille-pertuis.org\\\/?page_id=771#breadcrumb\"},\"inLanguage\":\"fr-FR\",\"potentialAction\":[{\"@type\":\"ReadAction\",\"target\":[\"http:\\\/\\\/mille-pertuis.org\\\/?page_id=771\"]}]},{\"@type\":\"ImageObject\",\"inLanguage\":\"fr-FR\",\"@id\":\"http:\\\/\\\/mille-pertuis.org\\\/?page_id=771#primaryimage\",\"url\":\"\",\"contentUrl\":\"\"},{\"@type\":\"BreadcrumbList\",\"@id\":\"http:\\\/\\\/mille-pertuis.org\\\/?page_id=771#breadcrumb\",\"itemListElement\":[{\"@type\":\"ListItem\",\"position\":1,\"name\":\"Accueil\",\"item\":\"http:\\\/\\\/mille-pertuis.org\\\/\"},{\"@type\":\"ListItem\",\"position\":2,\"name\":\"Grainoth\u00e8que\"}]},{\"@type\":\"WebSite\",\"@id\":\"http:\\\/\\\/mille-pertuis.org\\\/#website\",\"url\":\"http:\\\/\\\/mille-pertuis.org\\\/\",\"name\":\"Mille-Pertuis\",\"description\":\"1001 passerelles vers un mode de vie \u00e9cologique\",\"publisher\":{\"@id\":\"http:\\\/\\\/mille-pertuis.org\\\/#organization\"},\"potentialAction\":[{\"@type\":\"SearchAction\",\"target\":{\"@type\":\"EntryPoint\",\"urlTemplate\":\"http:\\\/\\\/mille-pertuis.org\\\/?s={search_term_string}\"},\"query-input\":{\"@type\":\"PropertyValueSpecification\",\"valueRequired\":true,\"valueName\":\"search_term_string\"}}],\"inLanguage\":\"fr-FR\"},{\"@type\":\"Organization\",\"@id\":\"http:\\\/\\\/mille-pertuis.org\\\/#organization\",\"name\":\"Mille-Pertuis\",\"url\":\"http:\\\/\\\/mille-pertuis.org\\\/\",\"logo\":{\"@type\":\"ImageObject\",\"inLanguage\":\"fr-FR\",\"@id\":\"http:\\\/\\\/mille-pertuis.org\\\/#\\\/schema\\\/logo\\\/image\\\/\",\"url\":\"https:\\\/\\\/mille-pertuis.org\\\/wp-content\\\/uploads\\\/2019\\\/12\\\/cropped-logo_ML_V2.0_COUL.jpg\",\"contentUrl\":\"https:\\\/\\\/mille-pertuis.org\\\/wp-content\\\/uploads\\\/2019\\\/12\\\/cropped-logo_ML_V2.0_COUL.jpg\",\"width\":240,\"height\":75,\"caption\":\"Mille-Pertuis\"},\"image\":{\"@id\":\"http:\\\/\\\/mille-pertuis.org\\\/#\\\/schema\\\/logo\\\/image\\\/\"}}]}<\/script>\n<!-- \/ Yoast SEO plugin. -->","yoast_head_json":{"title":"Grainoth\u00e8que - Mille-Pertuis","robots":{"index":"index","follow":"follow","max-snippet":"max-snippet:-1","max-image-preview":"max-image-preview:large","max-video-preview":"max-video-preview:-1"},"canonical":"http:\/\/mille-pertuis.org\/?page_id=771","og_locale":"fr_FR","og_type":"article","og_title":"Grainoth\u00e8que - Mille-Pertuis","og_description":"Vous pouvez \u00e9changer vos graines lors des Repair Caf\u00e9","og_url":"http:\/\/mille-pertuis.org\/?page_id=771","og_site_name":"Mille-Pertuis","article_modified_time":"2022-03-29T14:45:29+00:00","og_image":[{"url":"http:\/\/mille-pertuis.org\/wp-content\/uploads\/2022\/03\/GrainothequeRC-768x1024.jpg","type":"","width":"","height":""}],"twitter_card":"summary_large_image","twitter_misc":{"Dur\u00e9e de lecture estim\u00e9e":"1 minute"},"schema":{"@context":"https:\/\/schema.org","@graph":[{"@type":"WebPage","@id":"http:\/\/mille-pertuis.org\/?page_id=771","url":"http:\/\/mille-pertuis.org\/?page_id=771","name":"Grainoth\u00e8que - Mille-Pertuis","isPartOf":{"@id":"http:\/\/mille-pertuis.org\/#website"},"primaryImageOfPage":{"@id":"http:\/\/mille-pertuis.org\/?page_id=771#primaryimage"},"image":{"@id":"http:\/\/mille-pertuis.org\/?page_id=771#primaryimage"},"thumbnailUrl":"http:\/\/mille-pertuis.org\/wp-content\/uploads\/2022\/03\/GrainothequeRC-768x1024.jpg","datePublished":"2020-01-05T18:09:22+00:00","dateModified":"2022-03-29T14:45:29+00:00","breadcrumb":{"@id":"http:\/\/mille-pertuis.org\/?page_id=771#breadcrumb"},"inLanguage":"fr-FR","potentialAction":[{"@type":"ReadAction","target":["http:\/\/mille-pertuis.org\/?page_id=771"]}]},{"@type":"ImageObject","inLanguage":"fr-FR","@id":"http:\/\/mille-pertuis.org\/?page_id=771#primaryimage","url":"","contentUrl":""},{"@type":"BreadcrumbList","@id":"http:\/\/mille-pertuis.org\/?page_id=771#breadcrumb","itemListElement":[{"@type":"ListItem","position":1,"name":"Accueil","item":"http:\/\/mille-pertuis.org\/"},{"@type":"ListItem","position":2,"name":"Grainoth\u00e8que"}]},{"@type":"WebSite","@id":"http:\/\/mille-pertuis.org\/#website","url":"http:\/\/mille-pertuis.org\/","name":"Mille-Pertuis","description":"1001 passerelles vers un mode de vie \u00e9cologique","publisher":{"@id":"http:\/\/mille-pertuis.org\/#organization"},"potentialAction":[{"@type":"SearchAction","target":{"@type":"EntryPoint","urlTemplate":"http:\/\/mille-pertuis.org\/?s={search_term_string}"},"query-input":{"@type":"PropertyValueSpecification","valueRequired":true,"valueName":"search_term_string"}}],"inLanguage":"fr-FR"},{"@type":"Organization","@id":"http:\/\/mille-pertuis.org\/#organization","name":"Mille-Pertuis","url":"http:\/\/mille-pertuis.org\/","logo":{"@type":"ImageObject","inLanguage":"fr-FR","@id":"http:\/\/mille-pertuis.org\/#\/schema\/logo\/image\/","url":"https:\/\/mille-pertuis.org\/wp-content\/uploads\/2019\/12\/cropped-logo_ML_V2.0_COUL.jpg","contentUrl":"https:\/\/mille-pertuis.org\/wp-content\/uploads\/2019\/12\/cropped-logo_ML_V2.0_COUL.jpg","width":240,"height":75,"caption":"Mille-Pertuis"},"image":{"@id":"http:\/\/mille-pertuis.org\/#\/schema\/logo\/image\/"}}]}},"_links":{"self":[{"href":"https:\/\/mille-pertuis.org\/index.php?rest_route=\/wp\/v2\/pages\/771","targetHints":{"allow":["GET"]}}],"collection":[{"href":"https:\/\/mille-pertuis.org\/index.php?rest_route=\/wp\/v2\/pages"}],"about":[{"href":"https:\/\/mille-pertuis.org\/index.php?rest_route=\/wp\/v2\/types\/page"}],"author":[{"embeddable":true,"href":"https:\/\/mille-pertuis.org\/index.php?rest_route=\/wp\/v2\/users\/2"}],"replies":[{"embeddable":true,"href":"https:\/\/mille-pertuis.org\/index.php?rest_route=%2Fwp%2Fv2%2Fcomments&post=771"}],"version-history":[{"count":5,"href":"https:\/\/mille-pertuis.org\/index.php?rest_route=\/wp\/v2\/pages\/771\/revisions"}],"predecessor-version":[{"id":2094,"href":"https:\/\/mille-pertuis.org\/index.php?rest_route=\/wp\/v2\/pages\/771\/revisions\/2094"}],"wp:attachment":[{"href":"https:\/\/mille-pertuis.org\/index.php?rest_route=%2Fwp%2Fv2%2Fmedia&parent=771"}],"curies":[{"name":"wp","href":"https:\/\/api.w.org\/{rel}","templated":true}]}}